{"id":16117,"date":"2021-07-23T13:13:32","date_gmt":"2021-07-23T11:13:32","guid":{"rendered":"https:\/\/www.koefia.com\/desfile-de-altaroma-verano-2021\/"},"modified":"2022-06-24T17:17:14","modified_gmt":"2022-06-24T15:17:14","slug":"desfile-de-altaroma-verano-2021","status":"publish","type":"page","link":"https:\/\/www.koefia.com\/es\/desfile-de-altaroma-verano-2021\/","title":{"rendered":"DESFILE DE ALTAROMA VERANO 2021"},"content":{"rendered":"<div class=\"wpb-content-wrapper\"><p>[vc_row header_feature=\u00bbyes\u00bb margin_bottom=\u00bb0&#8243; padding_top=\u00bb20&#8243;][vc_column css=\u00bb.vc_custom_1551807836700{margin-bottom: 3% !important;}\u00bb][vc_column_text]<\/p>\n<h2 style=\"text-align: center;\">ALTAROMA 2021 Verano<\/h2>\n<h1 style=\"text-align: center;\">Colecci\u00f3n \u00abCREA | TU | RES\u00bb<\/h1>\n<p>[\/vc_column_text][\/vc_column][\/vc_row][vc_row margin_bottom=\u00bb60px\u00bb][vc_column][vc_column_text]<\/p>\n<p style=\"font-weight: 400;\">CREA | TU | RES es un elogio a la imaginaci\u00f3n y la creatividad, una inmersi\u00f3n en la imaginaci\u00f3n de mundos rom\u00e1nticos, llenos de ideas y visuales.<br \/>\nUn recorrido por los s\u00edmbolos, mitos y leyendas que evoca cada criatura de esta colecci\u00f3n.<\/p>\n<blockquote><p>Haz clic en la imagen para ver el desfile de moda en HD<\/p><\/blockquote>\n<p>[\/vc_column_text][\/vc_column][\/vc_row][vc_row header_feature=\u00bbyes\u00bb][vc_column width=\u00bb1\/5&#8243;][\/vc_column][vc_column width=\u00bb3\/5&#8243; css=\u00bb.vc_custom_1656083830552{border-top-width: 1px !important;border-right-width: 1px !important;border-bottom-width: 1px !important;border-left-width: 1px !important;background-color: #232323 !important;border-left-color: #565656 !important;border-left-style: solid !important;border-right-color: #565656 !important;border-right-style: solid !important;border-top-color: #565656 !important;border-top-style: solid !important;border-bottom-color: #565656 !important;border-bottom-style: solid !important;border-radius: 15px !important;}\u00bb]<div class=\"grve-element grve-image grve-animated-item grve-fadeInUp grve-full-image grve-align-center\" style=\"\" data-delay=\"200\"><a href=\"https:\/\/drive.google.com\/file\/d\/19oa3JoeJ2pJXy0fLNzXhw3hyi7wMAONM\/view?usp=sharing\" target=\"_self\"><img fetchpriority=\"high\" decoding=\"async\" width=\"1920\" height=\"1080\" src=\"https:\/\/www.koefia.com\/wp-content\/uploads\/2021\/11\/2021-11-23-11_27_58-Greenshot.jpg\" class=\"attachment-full size-full\" alt=\"\" srcset=\"https:\/\/www.koefia.com\/wp-content\/uploads\/2021\/11\/2021-11-23-11_27_58-Greenshot.jpg 1920w, https:\/\/www.koefia.com\/wp-content\/uploads\/2021\/11\/2021-11-23-11_27_58-Greenshot-300x169.jpg 300w, https:\/\/www.koefia.com\/wp-content\/uploads\/2021\/11\/2021-11-23-11_27_58-Greenshot-1024x576.jpg 1024w, https:\/\/www.koefia.com\/wp-content\/uploads\/2021\/11\/2021-11-23-11_27_58-Greenshot-768x432.jpg 768w, https:\/\/www.koefia.com\/wp-content\/uploads\/2021\/11\/2021-11-23-11_27_58-Greenshot-1536x864.jpg 1536w, https:\/\/www.koefia.com\/wp-content\/uploads\/2021\/11\/2021-11-23-11_27_58-Greenshot-1170x658.jpg 1170w, https:\/\/www.koefia.com\/wp-content\/uploads\/2021\/11\/2021-11-23-11_27_58-Greenshot-560x315.jpg 560w\" sizes=\"(max-width: 1920px) 100vw, 1920px\" \/><\/a><\/div>[\/vc_column][vc_column width=\u00bb1\/5&#8243;][\/vc_column][\/vc_row][vc_row][vc_column][vc_column_text]<\/p>\n<p style=\"font-weight: 400;\">El t\u00edtulo parece haber exhortado a los alumnos: \u00ab<em>Cr\u00e9ate a ti mismo<\/em>\u00bb con tu fuerza y \u200b\u200bcon las experiencias que has adquirido en estos tres a\u00f1os de formaci\u00f3n.<br \/>\nEntonces buscaron su propia criatura fant\u00e1stica personal y la vistieron con sugerencias nacidas de sus pasiones, encendidas por la curiosidad que ti\u00f1e e ilumina la mente.<\/p>\n<p style=\"font-weight: 400;\">Los significados que yacen en las 36 creaciones realizadas por los alumnos de 3\u00ba a\u00f1o BA, 2\u00ba a\u00f1o MA y del curso intensivo de Packaging Couture de la Academia Koefia, coordinados por Simone Giovanni Bruno, nos hablan de criaturas fant\u00e1sticas concebidas entre cuento de hadas y realidad, sue\u00f1os y vivencias personales, deseos y recuerdos reales.<\/p>\n<p style=\"font-weight: 400;\">Sus rasgos son casi humanos mientras que sus dimensiones est\u00e1n deliberadamente fuera de escala; son criaturas dotadas de iron\u00eda, pasiones, sabidur\u00eda, son el espejo de un hipot\u00e9tico mundo perfecto en armon\u00eda con la naturaleza.<\/p>\n<p style=\"font-weight: 400;\">Desde la Oruga hasta la Mariposa del Pa\u00eds de las Maravillas de Alicia, pasando por el Cuervo presente de origen mitol\u00f3gico que se libera de la jaula en la que est\u00e1 impreso, hasta los Nen\u00fafares de inspiraci\u00f3n impresionista, s\u00edmbolo de fertilidad y abundancia.<br \/>\nUn espect\u00e1culo de flores, insectos, m\u00e1scaras tribales, ritos paganos, adivinos y cartas del tarot que representan los personajes del hombre interior realizados a trav\u00e9s de los estampados pintados para la ocasi\u00f3n, en las incrustaciones y encajes, en los bordados y en los tejidos de punto. , donde los tejidos de gasa y georgette contrapesan las estructuras r\u00edgidas dando esa suavidad y ligereza a las formas flotantes como en el sue\u00f1o de los cuentos de hadas.<\/p>\n<p style=\"font-weight: 400;\">La colecci\u00f3n es de producci\u00f3n propia gracias a los tejidos de sastres hist\u00f3ricos, los pasamaner\u00edas, los tejidos con cuerpo y preciados, y las cintas con tramas de alta costura.<\/p>\n<p style=\"font-weight: 400;\">Estas criaturas fant\u00e1sticas son excepcionales porque encarnan el valor de la belleza entendida como la sabidur\u00eda del saber hacer, viven esencialmente en los armarios y ba\u00fales guardados en el desv\u00e1n pero una vez descubiertos resultan atemporales y con discreto encanto transmiten autoridad gracias a la elegancia de su estructura.<\/p>\n<p style=\"font-weight: 400;\">El estilo de la colecci\u00f3n es rico pero no estridente, su minimalismo huele a calidad y potencia, fruto de certezas adquiridas con el tiempo.<\/p>\n<h4 style=\"font-weight: 400;\">LOS DISE\u00d1ADORES<\/h4>\n<p style=\"font-weight: 400;\"><em> Maria Chiara Allegretti, Greta Barbieri, Cecilia Beltrametti, Ludovica Brisi, Luca Maria Cappelli, Lucrezia Carnevali, Matteo Cece, Sara Cicchilli, Francesca De Filippis, Alice De Gasperis, Lize De Jongh, Laura Di Paolo, Francesca Di Pietro, Giuseppe Di Stefano, Flavia Ferraresi, Stephanie Ferreira, Francesca Gervaso, Simona Giusti, Andreina Gjuzi, Caterina Gucciardi, Ilaria Lattanzio, Maria Cristina Luciani, Sofia Marchetta, Ylenia Marcovecchio, Mehdi Hadj Nassar, Alessia Pecchioni, Giulia Perna, Alice Pinto, Benedetta Prete, Lorenzo Proietti, Rossella Rizzo, Selvaggia Rosato, Emanuela Segreto, Francesca Romana Sticca, Rosa Venanzi Rullo, Xin Yang.<\/em><\/p>\n<h4 style=\"font-weight: 400;\">Les damos las gracias por su cooperaci\u00f3n<\/h4>\n<p style=\"font-weight: 400;\">Dirigida por \/ Filena Rip\u00e0<br \/>\nSonido \/ Carlo Derossi<br \/>\nPeinado \/ Spettinati<br \/>\nMaquillaje \/ Accademia di Trucco Professionale<br \/>\nFoto \/ Roberto Magno<\/p>\n<p style=\"font-weight: 400;\">Gracias a la empresa <strong>OLMETEX<\/strong>con sede en Como por el amable suministro de tejidos t\u00e9cnicos, innovadores y sostenibles.<\/p>\n<p style=\"font-weight: 400;\"><em>Agradecemos tambi\u00e9n a todos los docentes y asistentes que colaboraron en la realizaci\u00f3n de este proyecto.<\/em><\/p>\n<p>[\/vc_column_text][\/vc_column][\/vc_row][vc_row margin_bottom=\u00bb0&#8243; padding_bottom=\u00bb30&#8243;][vc_column width=\u00bb1\/2&#8243;]<div class=\"grve-element grve-align-center\"><a class=\"grve-btn grve-btn-medium grve-square grve-bg-primary-1\" href=\"#popmake-1922\" target=\"_self\" style=\"\"><span>SOLICITE INFORMACI\u00d3N<\/span><\/a><\/div>[\/vc_column][vc_column width=\u00bb1\/2&#8243;]<div class=\"grve-element grve-align-center\"><a class=\"grve-btn grve-btn-medium grve-square grve-bg-primary-1\" href=\"#popmake-1925\" target=\"_self\" style=\"\"><span>RESERVA UNA ENTREVISTA<\/span><\/a><\/div>[\/vc_column][\/vc_row]<\/p>\n<\/div>","protected":false},"excerpt":{"rendered":"<p>[vc_row header_feature=\u00bbyes\u00bb margin_bottom=\u00bb0&#8243; padding_top=\u00bb20&#8243;][vc_column css=\u00bb.vc_custom_1551807836700{margin-bottom: 3% !important;}\u00bb][vc_column_text] ALTAROMA 2021 Verano Colecci\u00f3n \u00abCREA | TU | RES\u00bb [\/vc_column_text][\/vc_column][\/vc_row][vc_row margin_bottom=\u00bb60px\u00bb][vc_column][vc_column_text] CREA | TU | RES es un elogio a la imaginaci\u00f3n y la creatividad, una inmersi\u00f3n en la imaginaci\u00f3n de mundos rom\u00e1nticos, llenos de ideas y visuales. Un recorrido por los s\u00edmbolos, mitos y leyendas que evoca [&hellip;]<\/p>\n","protected":false},"author":3,"featured_media":0,"parent":0,"menu_order":0,"comment_status":"closed","ping_status":"closed","template":"","meta":{"footnotes":""},"class_list":["post-16117","page","type-page","status-publish","hentry"],"aioseo_notices":[],"_links":{"self":[{"href":"https:\/\/www.koefia.com\/es\/wp-json\/wp\/v2\/pages\/16117","targetHints":{"allow":["GET"]}}],"collection":[{"href":"https:\/\/www.koefia.com\/es\/wp-json\/wp\/v2\/pages"}],"about":[{"href":"https:\/\/www.koefia.com\/es\/wp-json\/wp\/v2\/types\/page"}],"author":[{"embeddable":true,"href":"https:\/\/www.koefia.com\/es\/wp-json\/wp\/v2\/users\/3"}],"replies":[{"embeddable":true,"href":"https:\/\/www.koefia.com\/es\/wp-json\/wp\/v2\/comments?post=16117"}],"version-history":[{"count":0,"href":"https:\/\/www.koefia.com\/es\/wp-json\/wp\/v2\/pages\/16117\/revisions"}],"wp:attachment":[{"href":"https:\/\/www.koefia.com\/es\/wp-json\/wp\/v2\/media?parent=16117"}],"curies":[{"name":"wp","href":"https:\/\/api.w.org\/{rel}","templated":true}]}}