{"id":5804,"date":"2021-10-13T14:31:58","date_gmt":"2021-10-13T12:31:58","guid":{"rendered":"https:\/\/www.koefia.com\/?page_id=5804"},"modified":"2022-05-30T12:23:52","modified_gmt":"2022-05-30T10:23:52","slug":"open-day","status":"publish","type":"page","link":"https:\/\/www.koefia.com\/es\/open-day\/","title":{"rendered":"OPEN DAY"},"content":{"rendered":"<div class=\"wpb-content-wrapper\"><p>[vc_row header_feature=\u00bbyes\u00bb margin_bottom=\u00bb0&#8243; padding_top=\u00bb20&#8243;][vc_column css=\u00bb.vc_custom_1551807747117{margin-bottom: 3% !important;}\u00bb][vc_column_text]<\/p>\n<h1 style=\"text-align: center;\">OPEN DAY \/ ORIENTAMENTO<\/h1>\n<p style=\"text-align: center;\">Gli\u00a0<strong>OpenDay<\/strong> permettono di conoscere da vicino Accademia Koefia e la sua Offerta Formativa.<\/p>\n<h6 style=\"text-align: center;\"><strong>Sarai Uno di Noi,\u00a0 Chiedi di Partecipare !<\/strong><\/h6>\n<p>[\/vc_column_text][\/vc_column][\/vc_row][vc_row margin_bottom=\u00bb0&#8243; padding_top=\u00bb20&#8243;][vc_column width=\u00bb1\/2&#8243; css=\u00bb.vc_custom_1551807747117{margin-bottom: 3% !important;}\u00bb]<h2 class=\"grve-element grve-align-left grve-title-no-line grve-h2\" style=\"\"><span>Per Continuare gli Studi<\/span><\/h2><div class=\"grve-element grve-image grve-align-center\" style=\"\"><img fetchpriority=\"high\" decoding=\"async\" width=\"800\" height=\"450\" src=\"https:\/\/www.koefia.com\/wp-content\/uploads\/2021\/11\/studenti-koefia.jpg\" class=\"attachment-full size-full\" alt=\"\" srcset=\"https:\/\/www.koefia.com\/wp-content\/uploads\/2021\/11\/studenti-koefia.jpg 800w, https:\/\/www.koefia.com\/wp-content\/uploads\/2021\/11\/studenti-koefia-300x169.jpg 300w, https:\/\/www.koefia.com\/wp-content\/uploads\/2021\/11\/studenti-koefia-768x432.jpg 768w, https:\/\/www.koefia.com\/wp-content\/uploads\/2021\/11\/studenti-koefia-560x315.jpg 560w\" sizes=\"(max-width: 800px) 100vw, 800px\" \/><\/div>[vc_tta_accordion active_section=\u00bb\u00bb collapsible_all=\u00bbtrue\u00bb css=\u00bb.vc_custom_1638267803023{padding-top: 40px !important;}\u00bb][vc_tta_section i_icon_fontawesome=\u00bbfas fa-child\u00bb add_icon=\u00bbtrue\u00bb title=\u00bbSei uno Studente della Scuola Superiore?\u00bb tab_id=\u00bb1638266890946-286c13d3-acfd\u00bb][vc_column_text]Lascia i tuoi dati se vuoi conoscere i Corsi Accademici Triennali, o sei interessato a una formazione Professionale Annuale o Biennale.<\/p>\n<p>[\/vc_column_text]<div class=\"grve-element grve-align-center grve-animated-item grve-fadeInDown\" data-delay=\"400\"><a class=\"grve-btn grve-btn-medium grve-round grve-red-color grve-btn-line\" href=\"https:\/\/www.koefia.com\/modulo-prenota-openday-colloquio\/\" target=\"_self\" style=\"\"><span>PRENOTATI PER UN INCONTRO<\/span><\/a><\/div>[\/vc_tta_section][vc_tta_section i_icon_fontawesome=\u00bbfas fa-user-graduate\u00bb add_icon=\u00bbtrue\u00bb title=\u00bbSei Laureato\/a e vuoi Specializzarti?\u00bb tab_id=\u00bb1638267537266-1d4ab480-10ab\u00bb][vc_column_text]Lascia i tuoi dati se Conoscere i Programmi di Studio dedicati alla Produzione di Alta Moda.<\/p>\n<p>[\/vc_column_text]<div class=\"grve-element grve-align-center grve-animated-item grve-fadeInDown\" data-delay=\"400\"><a class=\"grve-btn grve-btn-medium grve-round grve-blue-color grve-btn-line\" href=\"https:\/\/www.koefia.com\/modulo-prenota-openday-colloquio\/\" target=\"_self\" style=\"\"><span>PRENOTA UN INCONTRO<\/span><\/a><\/div>[\/vc_tta_section][vc_tta_section i_icon_fontawesome=\u00bbfas fa-user-tie\u00bb add_icon=\u00bbtrue\u00bb title=\u00bbSei un Professionista della Moda?\u00bb tab_id=\u00bb1638267482772-1217f37b-2b51&#8243;][vc_column_text]Lascia i tuoi dati se Lavori gi\u00e0 nel Campo della Moda e vuoi Acquisire Ulteriori Competenze che Fanno La Differenza.<\/p>\n<p>[\/vc_column_text]<div class=\"grve-element grve-align-center grve-animated-item grve-fadeInDown\" data-delay=\"400\"><a class=\"grve-btn grve-btn-medium grve-round grve-orange-color grve-btn-line\" href=\"https:\/\/www.koefia.com\/modulo-prenota-openday-colloquio\/\" target=\"_self\" style=\"\"><span>PRENOTA UN COLLOQUIO<\/span><\/a><\/div>[\/vc_tta_section][\/vc_tta_accordion][\/vc_column][vc_column width=\u00bb1\/2&#8243;]<h2 class=\"grve-element grve-align-left grve-title-no-line grve-h2\" style=\"\"><span>Per le Scuole Superiori<\/span><\/h2><div class=\"grve-element grve-image grve-align-center\" style=\"\"><img decoding=\"async\" width=\"1024\" height=\"576\" src=\"https:\/\/www.koefia.com\/wp-content\/uploads\/2021\/11\/scuola-di-moda-koefia_09-1.jpg\" class=\"attachment-full size-full\" alt=\"\" srcset=\"https:\/\/www.koefia.com\/wp-content\/uploads\/2021\/11\/scuola-di-moda-koefia_09-1.jpg 1024w, https:\/\/www.koefia.com\/wp-content\/uploads\/2021\/11\/scuola-di-moda-koefia_09-1-300x169.jpg 300w, https:\/\/www.koefia.com\/wp-content\/uploads\/2021\/11\/scuola-di-moda-koefia_09-1-768x432.jpg 768w, https:\/\/www.koefia.com\/wp-content\/uploads\/2021\/11\/scuola-di-moda-koefia_09-1-560x315.jpg 560w\" sizes=\"(max-width: 1024px) 100vw, 1024px\" \/><\/div>[vc_tta_accordion active_section=\u00bb\u00bb collapsible_all=\u00bbtrue\u00bb css=\u00bb.vc_custom_1638267803023{padding-top: 40px !important;}\u00bb][vc_tta_section i_icon_fontawesome=\u00bbfas fa-chalkboard-teacher\u00bb add_icon=\u00bbtrue\u00bb title=\u00bbSei un Docente Disciplinare Area Moda?\u00bb tab_id=\u00bb1638283263811-01d28ea7-1a81&#8243;][vc_column_text]Se sei un Docente di Indirizzo, far conoscere ai tuoi studenti le opportunit\u00e0 di specializzazione presso una importante scuola di moda \u00e8 importante. Attivare un Orientamento, una presentazione di Accademia Koefia e dei suoi Corsi \u00e8 pi\u00f9 facile di quanto si pensi.<\/p>\n<p><em>Lascia una richiesta e sarai ricontattato dalla nostra Segreteria.<\/em>[\/vc_column_text]<div class=\"grve-element grve-align-center grve-animated-item grve-fadeInDown\" data-delay=\"400\"><a class=\"grve-btn grve-btn-medium grve-round grve-blue-color grve-btn-line\" href=\"https:\/\/www.koefia.com\/modulo-prenotazione-orientamento-scolastico-in-uscita\/\" target=\"_self\" style=\"\"><span>PRENOTA ORIENTAMENTO IN USCITA<\/span><\/a><\/div>[\/vc_tta_section][vc_tta_section i_icon_fontawesome=\u00bbfar fa-compass\u00bb add_icon=\u00bbtrue\u00bb title=\u00bbSei un Responsabile Orientamento in Uscita?\u00bb tab_id=\u00bb1638273425087-ccc5ffd7-9c23&#8243;][vc_column_text]Sei hai la Responsabilit\u00e0 dell&#8217;Orientamento in Uscita presso una Scuola Superiore interessata a far scoprire agli studenti gli studi universitari nel Campo della Moda e del Fashion Design, prendi contatto con noi. Koefia presenta la sua offerta formativa postdiploma in almeno 50 Scuole Superiori ogni Anno.<\/p>\n<p><em>Lascia una richiesta e ti richiameremo.<\/em>[\/vc_column_text]<div class=\"grve-element grve-align-center grve-animated-item grve-fadeInDown\" data-delay=\"400\"><a class=\"grve-btn grve-btn-medium grve-round grve-blue-color grve-btn-line\" href=\"https:\/\/www.koefia.com\/modulo-prenotazione-orientamento-scolastico-in-uscita\/\" target=\"_self\" style=\"\"><span>PRENOTA ORIENTAMENTO IN USCITA<\/span><\/a><\/div>[\/vc_tta_section][\/vc_tta_accordion][\/vc_column][\/vc_row][vc_row middle_content=\u00bbyes\u00bb bg_type=\u00bbimage\u00bb bg_image=\u00bb1933&#8243; bg_image_type=\u00bbanimated\u00bb pattern_overlay=\u00bbyes\u00bb color_overlay=\u00bbdark\u00bb opacity_overlay=\u00bb50&#8243; padding_top=\u00bb80px\u00bb padding_bottom=\u00bb40px\u00bb][vc_column width=\u00bb1\/2&#8243; css=\u00bb.vc_custom_1551807747117{margin-bottom: 3% !important;}\u00bb]<div class=\"grve-element grve-align-left grve-animated-item grve-fadeInLeft\" data-delay=\"300\"><a class=\"grve-btn grve-btn-medium grve-round grve-bg-primary-5\" href=\"https:\/\/www.koefia.com\/accademia-di-moda-ammissione\/\" target=\"_self\" style=\"\"><span>Procedi con l'AMMISSIONE<\/span><\/a><\/div>[\/vc_column][vc_column width=\u00bb1\/2&#8243;]<div class=\"grve-element grve-align-left grve-animated-item grve-fadeInLeft\" data-delay=\"300\"><a class=\"grve-btn grve-btn-medium grve-round grve-bg-primary-3\" href=\"https:\/\/www.koefia.com\/iscrizioni\/\" target=\"_self\" style=\"\"><span>Procedi con l'ISCRIZIONE<\/span><\/a><\/div>[\/vc_column][\/vc_row][vc_row section_type=\u00bbfullwidth-element\u00bb][vc_column width=\u00bb1\/6&#8243;][\/vc_column][vc_column width=\u00bb2\/3&#8243;][vc_column_text]<\/p>\n<h2>PERCHE&#8217; STUDIARE IN ACCADEMIA KOEFIA&#8230;<\/h2>\n<p>[\/vc_column_text][vc_column_text]<\/p>\n<ul>\n<li><strong>70 anni di eccellenza !<\/strong> &#8211; \u00c8 dal 1951 che Accademia Koefia insegna ai giovani i segreti dell\u2019Alta Moda, del processo produttivo di progettazione e di realizzazione di abiti e collezioni. Il prestigio della <a style=\"text-decoration: none;\" title=\"scuola di moda\" href=\"https:\/\/www.koefia.com\"><strong>scuola di moda<\/strong><\/a> e le competenze sviluppate permettono agli studenti di Koefia d\u2019inserirsi numerosi nel mondo del lavoro presso prestigiosi Brand e Maison entro un anno dal diploma.<\/li>\n<li><strong>Accreditamento <\/strong>&#8211; I <a style=\"text-decoration: none;\" title=\"corsi di moda triennali\" href=\"https:\/\/www.koefia.com\/corsi-di-moda-triennali-post-diploma\/\">corsi di moda triennali<\/a> e biennali sono accreditati da E.A.B.H.E.S. \u201cBologna Compliant\u201d come European\u00a0 Bachelor Post-Diploma (EQF 6) e European Master Post-Laurea (EQF 7).<\/li>\n<li><strong>Reputazione &#8211;\u00a0<\/strong>Studiare in Accademia Koefia significa conseguire un Titolo di Studio in una delle migliori\u00a0<a style=\"text-decoration: none;\" title=\"scuole di moda in italia\" href=\"https:\/\/www.koefia.com\/\">Scuole Italiane di Moda<\/a>, una scuola classificata a livello internazionale per la qualit\u00e0 dei suoi risultati formativi. Koefia fa la differenza!<\/li>\n<li><strong>Curriculum di studi &#8211;\u00a0<\/strong>L\u2019offerta didattica di Accademia Koefia segue standard internazionali. Ci\u00f2 permette agli studenti di trovare lavoro o di continuare gli studi in altre scuole del mondo con la certezza di avere riconosciuti i loro risultati di apprendimento.<\/li>\n<li><strong>Inserimento dello studente nel mondo dell\u2019Alta Moda <\/strong>&#8211; Gli eventi, i concorsi e le sfilate ai quali l\u2019Accademia e i suoi studenti partecipano durante gli studi li pongono a contatto diretto con il mondo \u201cvero\u201d della Moda, con un universo professionale di Stilisti, Brand e famose Case di Moda. In Accademia Koefia gli studenti non seguono semplicemente un Corso, ma frequentano un ambiente vitale e ricca di eventi e iniziative iin campo Moda. Accademia Koefia offre ai suoi studenti gratuitamente Stage Aziendali in prestigiosi Brand e Maison dove possono fare esperienza e mettersi in luce.<\/li>\n<li><strong>Multiculturalit\u00e0 <\/strong>&#8211; Accademia Koefia \u00e8 frequentata da tanti studenti provenienti da altri paesi europei ed extraeuropei. Studiare in Koefia significa conoscere e confrontarsi con altre culture e arricchire la propria esperienza di studi in modo significativo.<\/li>\n<li><strong>Roma <\/strong>&#8211; Accademia Koefia ha sede nel centro di Roma, dove l\u2019Alta Moda \u00e8 nata. Studiare a Roma \u00e8 un sogno. L\u2019Accademia \u00e8 a due passi dalla Basilica di San Pietro, nel rione \u201cPrati\u201d, in Via Cola di Rienzo 203, una delle principali vie commerciali della citt\u00e0. Raggiungerla \u00e8 facile con la Metropolitana (Linea A, Stazioni: <em>Lepanto<\/em>\u00a0|\u00a0<em>Ottaviano<\/em>).<\/li>\n<li><strong>Servizi agli studenti\u00a0<\/strong>&#8211; Gli studenti di Koefia sono una famiglia. In Accademia ogni studente \u00e8 unico, e viene seguito in tutte le sue necessit\u00e0 \u2013 pratiche e didattiche \u2013 per tutto il corso di studi e anche dopo. Con il risultato di valorizzarne il talento di ognuno e di sviluppare nel giovane appassionato competenze che lo faranno diventare un Professionista apprezzato dell&#8217;Alta Moda Italiana.<\/li>\n<\/ul>\n<p>[\/vc_column_text][\/vc_column][vc_column width=\u00bb1\/6&#8243;][\/vc_column][\/vc_row]<\/p>\n<\/div>","protected":false},"excerpt":{"rendered":"<p>[vc_row header_feature=\u00bbyes\u00bb margin_bottom=\u00bb0&#8243; padding_top=\u00bb20&#8243;][vc_column css=\u00bb.vc_custom_1551807747117{margin-bottom: 3% !important;}\u00bb][vc_column_text] OPEN DAY \/ ORIENTAMENTO Gli\u00a0OpenDay permettono di conoscere da vicino Accademia Koefia e la sua Offerta Formativa. Sarai Uno di Noi,\u00a0 Chiedi di Partecipare ! [\/vc_column_text][\/vc_column][\/vc_row][vc_row margin_bottom=\u00bb0&#8243; padding_top=\u00bb20&#8243;][vc_column width=\u00bb1\/2&#8243; css=\u00bb.vc_custom_1551807747117{margin-bottom: 3% !important;}\u00bb][vc_tta_accordion active_section=\u00bb\u00bb collapsible_all=\u00bbtrue\u00bb css=\u00bb.vc_custom_1638267803023{padding-top: 40px !important;}\u00bb][vc_tta_section i_icon_fontawesome=\u00bbfas fa-child\u00bb add_icon=\u00bbtrue\u00bb title=\u00bbSei uno Studente della Scuola Superiore?\u00bb tab_id=\u00bb1638266890946-286c13d3-acfd\u00bb][vc_column_text]Lascia i [&hellip;]<\/p>\n","protected":false},"author":3,"featured_media":0,"parent":0,"menu_order":0,"comment_status":"closed","ping_status":"closed","template":"","meta":{"footnotes":""},"class_list":["post-5804","page","type-page","status-publish","hentry"],"aioseo_notices":[],"_links":{"self":[{"href":"https:\/\/www.koefia.com\/es\/wp-json\/wp\/v2\/pages\/5804","targetHints":{"allow":["GET"]}}],"collection":[{"href":"https:\/\/www.koefia.com\/es\/wp-json\/wp\/v2\/pages"}],"about":[{"href":"https:\/\/www.koefia.com\/es\/wp-json\/wp\/v2\/types\/page"}],"author":[{"embeddable":true,"href":"https:\/\/www.koefia.com\/es\/wp-json\/wp\/v2\/users\/3"}],"replies":[{"embeddable":true,"href":"https:\/\/www.koefia.com\/es\/wp-json\/wp\/v2\/comments?post=5804"}],"version-history":[{"count":0,"href":"https:\/\/www.koefia.com\/es\/wp-json\/wp\/v2\/pages\/5804\/revisions"}],"wp:attachment":[{"href":"https:\/\/www.koefia.com\/es\/wp-json\/wp\/v2\/media?parent=5804"}],"curies":[{"name":"wp","href":"https:\/\/api.w.org\/{rel}","templated":true}]}}