{"id":9005,"date":"2019-01-21T15:59:49","date_gmt":"2019-01-21T14:59:49","guid":{"rendered":"https:\/\/www.koefia.com\/historia\/"},"modified":"2023-05-04T18:43:03","modified_gmt":"2023-05-04T16:43:03","slug":"historia","status":"publish","type":"page","link":"https:\/\/www.koefia.com\/es\/historia\/","title":{"rendered":"Historia"},"content":{"rendered":"<div class=\"wpb-content-wrapper\"><p>[vc_row header_feature=\u00bbyes\u00bb margin_bottom=\u00bb0&#8243; padding_top=\u00bb30&#8243;][vc_column][vc_column_text]<\/p>\n<h1 style=\"text-align: center;\">UNA HISTORIA DE AMBIACI\u00d3N Y CALIDAD<\/h1>\n<p>[\/vc_column_text][\/vc_column][\/vc_row][vc_row padding_top=\u00bb40&#8243; margin_bottom=\u00bb0&#8243;][vc_column width=\u00bb1\/2&#8243;][\/vc_column][vc_column width=\u00bb1\/2&#8243;][vc_tta_tabs][vc_tta_section title=\u00bb1913&#8243; tab_id=\u00bb1548083361414-eec4afe0-4b4c\u00bb][vc_column_text]<\/p>\n<p style=\"text-align: justify;\">El 6 de abril naci\u00f3 <strong>Toni Alba Koefia<\/strong> en R\u00e1vena. Durante los a\u00f1os de su escolaridad, sinti\u00f3 un creciente inter\u00e9s por la moda que llev\u00f3 a cabo en talleres de sastrer\u00eda y sombrerer\u00eda. A los 16 dise\u00f1\u00f3 una nueva t\u00e9cnica, revolucionaria para aquellos a\u00f1os: la de cortar los modelos no sobre la mesa sino directamente sobre el maniqu\u00ed, dando as\u00ed a la creaci\u00f3n ya no una visi\u00f3n plana como en el patr\u00f3n cl\u00e1sico sino tridimensional.<\/p>\n<p>[\/vc_column_text][\/vc_tta_section][vc_tta_section title=\u00bb1931&#8243; tab_id=\u00bb1548083361434-4ab94b0e-28b3&#8243;][vc_column_text]<\/p>\n<p style=\"text-align: justify;\">En las d\u00e9cadas de 1930 y 1940, se convirti\u00f3 en propietario de una casa de creaci\u00f3n no de ropa sino de modelos, primero en Forl\u00ec (Primaria Casa di Modelli Koefia) y luego en Ravena. Sus patrones son solicitados por los mejores sastres de toda Europa. Con el advenimiento de la Segunda Guerra Mundial se mud\u00f3 a Florencia con su esposo, el Conde Ugo Brasini.<\/p>\n<p>[\/vc_column_text][\/vc_tta_section][vc_tta_section title=\u00bb1951&#8243; tab_id=\u00bb1548083444609-fc2342aa-3fcb\u00bb][vc_column_text]<\/p>\n<p style=\"text-align: justify;\">Solo unos a\u00f1os despu\u00e9s del final de la guerra, reanud\u00f3 su trabajo y, considerando oportuna y \u00fatil la creaci\u00f3n de una Academia, fund\u00f3 en 1951 en Roma, en el antiguo Palacio Menotti en Via Vittoria Colonna 39, la Academia Internacional. de Alta Costura y Arte del Traje \u00abKoefia\u00bb. Se activan cursos de dibujo, modelado y porte; una verdadera academia para dise\u00f1adores de moda y modelos. En 1955, la estructura de formaci\u00f3n cuenta con 400 estudiantes italianos y extranjeros que siguen cursos basados \u200b\u200ben las reglas del \u00abM\u00e9todo Koefia\u00bb. En esos a\u00f1os la Academia estableci\u00f3 importantes relaciones con maestros de la alta costura como Emilio Federico Schuberth quien se incorpor\u00f3 al cuerpo docente. La Koefia International Academy of High Fashion and Costume Art fue la primera en Italia en operar en el sector bajo el patrocinio del Ministerio de Educaci\u00f3n. En 1954 public\u00f3 el primer y \u00fanico n\u00famero de la revista \u00abRese\u00f1a de Alta Costura de la casa dise\u00f1adora Koefia de modelos de Alta Costura\u00bb que se enviaba a los talleres de los sastres que lo hab\u00edan solicitado. En 1961 la Academia particip\u00f3 en el Concurso Nacional de Trajes de vestidos reproducidos a partir de documentos hist\u00f3ricos, realizados por maestros sastres y escuelas de moda para el 1er Centenario de la Unificaci\u00f3n de Italia. Durante la ceremonia \u00abTorino 61\u00bb, en el Teatro Carignano, la Condesa Koefia recibi\u00f3 la Medalla de Oro por la realizaci\u00f3n, por parte de los alumnos de la Academia, del vestido de Teresa Confalonieri.<\/p>\n<p>[\/vc_column_text][\/vc_tta_section][vc_tta_section title=\u00bb1981&#8243; tab_id=\u00bb1548083479688-dbeccb3d-6f1b\u00bb][vc_column_text]<\/p>\n<p style=\"text-align: justify;\">La Academia participa en numerosos eventos internacionales, como el CONCOURS INTERNATIONAL DES JEUNES CR\u00c9ATEURS DE MODE, que cuenta en el jurado con dise\u00f1adores de la talla de Pierre Cardin, Paco Rabanne, Sonia Rykiel, Christian Lacroix. La competencia se lleva a cabo todos los a\u00f1os en Par\u00eds, patrocinada por Air France y patrocinada por la Chambre Syndicale. En los mismos a\u00f1os, la Academia estableci\u00f3 relaciones de colaboraci\u00f3n con el Fashion Institute of Design &amp; Merchandising de Los \u00c1ngeles, a trav\u00e9s de las cuales los estudiantes de los dos institutos pueden realizar un per\u00edodo de intercambio y especializaci\u00f3n. La Academia tambi\u00e9n consolida su presencia en China, en particular en Beijing, donde ofrece cursos de Alta Costura; aqu\u00ed participa en el PREMIO HEMPEL, un concurso internacional para j\u00f3venes creadores de moda que se lleva a cabo durante la Semana de la Moda de Beijing.<\/p>\n<p>[\/vc_column_text][\/vc_tta_section][vc_tta_section title=\u00bb2000 \/ 2014&#8243; tab_id=\u00bb1548083524595-6c83c76e-2002&#8243;][vc_column_text]<\/p>\n<p style=\"text-align: justify;\">La Academia inicia una serie de colaboraciones con importantes instituciones en Italia y en el extranjero.<br \/>\n<strong>2000<\/strong>_ Cursos de dibujo de bocetos de moda en la Universidad de Florencia<br \/>\n<strong>2007<\/strong>_ Cursos de dibujo de bocetos de moda en la Universidad de Roma LA SAPIENZA<br \/>\n<strong>2009<\/strong>_ Cooperaci\u00f3n con el Instituto Secoli de Mil\u00e1n<br \/>\n<strong>2012<\/strong>_ Colaboraci\u00f3n e intercambio de estudiantes con BIFT &#8211; Beijing Institute of Fashion &amp; Technology<br \/>\n<strong>2014<\/strong>_Accreditation for the EUROPEAN BACHELOR and the EUROPEAN MASTER at <a href=\"https:\/\/www.eabhes.eu\/\" target=\"_blank\" rel=\"noopener\">EABHES<\/a><\/p>\n<p style=\"text-align: justify;\">LA ACADEMIA INTERNACIONAL DE ALTA MODA Y ARTE DEL TRAJE KOEFIA est\u00e1 <strong>acreditada desde el 03\/01\/2014 por E.A.B.H.E.S.<\/strong> (<a href=\"https:\/\/www.eabhes.eu\/\" target=\"_blank\" rel=\"noopener\">Junta Europea de Acreditaci\u00f3n de Escuelas de Educaci\u00f3n Superior<\/a>).<\/p>\n<p style=\"text-align: justify;\"><a href=\"https:\/\/www.eabhes.eu\/\" target=\"_blank\" rel=\"noopener\">E.A.B.H.E.S<\/a>. reconoce y aprueba los t\u00edtulos emitidos por sus miembros y los acredita como Grado y M\u00e1ster Europeo, introduciendo el sistema de capitalizaci\u00f3n de cr\u00e9ditos educativos. Pertenecen a <a href=\"https:\/\/www.eabhes.eu\/\" target=\"_blank\" rel=\"noopener\">E.A.B.H.E.S.<\/a> Escuelas y universidades europeas de altos est\u00e1ndares de calidad, certificadas por la excelencia de su formaci\u00f3n.<\/p>\n<p style=\"text-align: justify;\">The <strong>European Bachelors and European Masters<\/strong> are originally North American university degrees, adopted worldwide and for some time now also in Europe. La obtenci\u00f3n de estos t\u00edtulos est\u00e1 sujeta a la capitalizaci\u00f3n de cr\u00e9ditos, entendiendo por cr\u00e9dito una herramienta de evaluaci\u00f3n del trabajo realizado y de las competencias adquiridas.<\/p>\n<p style=\"text-align: justify;\">The <strong>European Bachelor<\/strong> is, in the European system, the academic qualification awarded following a course of study of the conventional duration of three years and the achievement of <strong>180 ECTS credits<\/strong>. Los cr\u00e9ditos tienen un valor diferente seg\u00fan el sistema educativo espec\u00edfico de cada pa\u00eds y para cada especialidad, tipo de formaci\u00f3n inicial seguida e intensidad de los cursos. Gracias al sistema de equivalencia, los alumnos matriculados en las \u00fanicas instituciones educativas acreditadas pueden tener acreditadas en un bolet\u00edn de cr\u00e9ditos anual las materias cursadas cada a\u00f1o. Cada programa asigna un n\u00famero diferente de cr\u00e9ditos a las asignaturas seg\u00fan el curso y la especializaci\u00f3n, por lo que no todos los cursos reciben el mismo n\u00famero de cr\u00e9ditos. Para obtener el t\u00edtulo de Grado Europeo es necesario tener un certificado de idioma ingl\u00e9s de nivel B2, este certificado tambi\u00e9n se puede obtener despu\u00e9s de los dos a\u00f1os siguientes a la finalizaci\u00f3n de los tres a\u00f1os acad\u00e9micos.<\/p>\n<p style=\"text-align: justify;\">The <strong>European Masters<\/strong> are open to students holding a Bachelor&#8217;s degree or an equivalent diploma. Su duraci\u00f3n es de un a\u00f1o (<strong>M\u00e1ster de 1\u00ba nivel &#8211; 60 cr\u00e9ditos ECTS<\/strong>) o de dos a\u00f1os (<strong>M\u00e1ster de 2\u00ba nivel &#8211; 120 cr\u00e9ditos ECTS<\/strong>). A bachelor&#8217;s student can then apply to enroll in a European Master&#8217;s.<br \/>\nEl nivel de aceptaci\u00f3n es espec\u00edfico de cada instituci\u00f3n, por lo que el candidato no puede esperar una equivalencia autom\u00e1tica.<\/p>\n<p>[\/vc_column_text][\/vc_tta_section][\/vc_tta_tabs][\/vc_column][\/vc_row][vc_row margin_bottom=\u00bb0&#8243;][vc_column]<div class=\"grve-element grve-gallery grve-isotope grve-gallery-popup\" style=\"\" data-gutter=\"yes\" data-type=\"3-columns\" data-layout=\"packery\"><div class=\"grve-isotope-container\"><div class=\"grve-isotope-item  grve-packery-image\"><a href=\"https:\/\/www.koefia.com\/wp-content\/uploads\/2019\/02\/abito-koefia.jpg\"><figure class=\"grve-image-hover grve-zoom-in\"><div class=\"grve-media grve-dark-overlay grve-opacity-60\"><img fetchpriority=\"high\" decoding=\"async\" width=\"560\" height=\"560\" src=\"https:\/\/www.koefia.com\/wp-content\/uploads\/2019\/02\/abito-koefia-560x560.jpg\" class=\"attachment-grve-image-small-square size-grve-image-small-square\" alt=\"escuela de moda\" srcset=\"https:\/\/www.koefia.com\/wp-content\/uploads\/2019\/02\/abito-koefia-560x560.jpg 560w, https:\/\/www.koefia.com\/wp-content\/uploads\/2019\/02\/abito-koefia-150x150.jpg 150w, https:\/\/www.koefia.com\/wp-content\/uploads\/2019\/02\/abito-koefia-80x80.jpg 80w\" sizes=\"(max-width: 560px) 100vw, 560px\" \/><\/div><figcaption><\/figcaption><\/figure><\/a><\/div><div class=\"grve-isotope-item  grve-packery-image\"><a href=\"https:\/\/www.koefia.com\/wp-content\/uploads\/2019\/02\/classe-disegno-moda-anni-50.jpg\"><figure class=\"grve-image-hover grve-zoom-in\"><div class=\"grve-media grve-dark-overlay grve-opacity-60\"><img decoding=\"async\" width=\"560\" height=\"560\" src=\"https:\/\/www.koefia.com\/wp-content\/uploads\/2019\/02\/classe-disegno-moda-anni-50-560x560.jpg\" class=\"attachment-grve-image-small-square size-grve-image-small-square\" alt=\"escuela de moda\" srcset=\"https:\/\/www.koefia.com\/wp-content\/uploads\/2019\/02\/classe-disegno-moda-anni-50-560x560.jpg 560w, https:\/\/www.koefia.com\/wp-content\/uploads\/2019\/02\/classe-disegno-moda-anni-50-150x150.jpg 150w, https:\/\/www.koefia.com\/wp-content\/uploads\/2019\/02\/classe-disegno-moda-anni-50-80x80.jpg 80w\" sizes=\"(max-width: 560px) 100vw, 560px\" \/><\/div><figcaption><\/figcaption><\/figure><\/a><\/div><div class=\"grve-isotope-item  grve-packery-h2\"><a href=\"https:\/\/www.koefia.com\/wp-content\/uploads\/2019\/02\/alba-toni-koefia-ugo-brasini.jpg\"><figure class=\"grve-image-hover grve-zoom-in\"><div class=\"grve-media grve-dark-overlay grve-opacity-60\"><img decoding=\"async\" width=\"560\" height=\"1000\" src=\"https:\/\/www.koefia.com\/wp-content\/uploads\/2019\/02\/alba-toni-koefia-ugo-brasini-560x1000.jpg\" class=\"attachment-grve-image-medium-rect-vertical size-grve-image-medium-rect-vertical\" alt=\"escuela de moda\" \/><\/div><figcaption><\/figcaption><\/figure><\/a><\/div><div class=\"grve-isotope-item  grve-packery-image\"><a href=\"https:\/\/www.koefia.com\/wp-content\/uploads\/2019\/02\/allieve-modelliste-1952.jpg\"><figure class=\"grve-image-hover grve-zoom-in\"><div class=\"grve-media grve-dark-overlay grve-opacity-60\"><img loading=\"lazy\" decoding=\"async\" width=\"560\" height=\"560\" src=\"https:\/\/www.koefia.com\/wp-content\/uploads\/2019\/02\/allieve-modelliste-1952-560x560.jpg\" class=\"attachment-grve-image-small-square size-grve-image-small-square\" alt=\"escuela de moda\" srcset=\"https:\/\/www.koefia.com\/wp-content\/uploads\/2019\/02\/allieve-modelliste-1952-560x560.jpg 560w, https:\/\/www.koefia.com\/wp-content\/uploads\/2019\/02\/allieve-modelliste-1952-150x150.jpg 150w, https:\/\/www.koefia.com\/wp-content\/uploads\/2019\/02\/allieve-modelliste-1952-80x80.jpg 80w\" sizes=\"(max-width: 560px) 100vw, 560px\" \/><\/div><figcaption><\/figcaption><\/figure><\/a><\/div><div class=\"grve-isotope-item  grve-packery-image\"><a href=\"https:\/\/www.koefia.com\/wp-content\/uploads\/2019\/02\/cartamodello-anni-60.jpg\"><figure class=\"grve-image-hover grve-zoom-in\"><div class=\"grve-media grve-dark-overlay grve-opacity-60\"><img loading=\"lazy\" decoding=\"async\" width=\"560\" height=\"560\" src=\"https:\/\/www.koefia.com\/wp-content\/uploads\/2019\/02\/cartamodello-anni-60-560x560.jpg\" class=\"attachment-grve-image-small-square size-grve-image-small-square\" alt=\"escuela de moda\" srcset=\"https:\/\/www.koefia.com\/wp-content\/uploads\/2019\/02\/cartamodello-anni-60-560x560.jpg 560w, https:\/\/www.koefia.com\/wp-content\/uploads\/2019\/02\/cartamodello-anni-60-150x150.jpg 150w, https:\/\/www.koefia.com\/wp-content\/uploads\/2019\/02\/cartamodello-anni-60-80x80.jpg 80w\" sizes=\"(max-width: 560px) 100vw, 560px\" \/><\/div><figcaption><\/figcaption><\/figure><\/a><\/div><div class=\"grve-isotope-item  grve-packery-h2\"><a href=\"https:\/\/www.koefia.com\/wp-content\/uploads\/2019\/02\/abito-sposa-koefia-anni-60.jpg\"><figure class=\"grve-image-hover grve-zoom-in\"><div class=\"grve-media grve-dark-overlay grve-opacity-60\"><img loading=\"lazy\" decoding=\"async\" width=\"560\" height=\"1000\" src=\"https:\/\/www.koefia.com\/wp-content\/uploads\/2019\/02\/abito-sposa-koefia-anni-60-560x1000.jpg\" class=\"attachment-grve-image-medium-rect-vertical size-grve-image-medium-rect-vertical\" alt=\"escuela de moda\" \/><\/div><figcaption><\/figcaption><\/figure><\/a><\/div><div class=\"grve-isotope-item  grve-packery-w2\"><a href=\"https:\/\/www.koefia.com\/wp-content\/uploads\/2019\/02\/corso-modellistica-koefia-50.jpg\"><figure class=\"grve-image-hover grve-zoom-in\"><div class=\"grve-media grve-dark-overlay grve-opacity-60\"><img loading=\"lazy\" decoding=\"async\" width=\"1120\" height=\"560\" src=\"https:\/\/www.koefia.com\/wp-content\/uploads\/2019\/02\/corso-modellistica-koefia-50-1120x560.jpg\" class=\"attachment-grve-image-medium-rect-horizontal size-grve-image-medium-rect-horizontal\" alt=\"escuela de moda\" \/><\/div><figcaption><\/figcaption><\/figure><\/a><\/div><div class=\"grve-isotope-item  grve-packery-image\"><a href=\"https:\/\/www.koefia.com\/wp-content\/uploads\/2019\/02\/emilio-federico-schubert-in-accademia.jpg\"><figure class=\"grve-image-hover grve-zoom-in\"><div class=\"grve-media grve-dark-overlay grve-opacity-60\"><img loading=\"lazy\" decoding=\"async\" width=\"560\" height=\"560\" src=\"https:\/\/www.koefia.com\/wp-content\/uploads\/2019\/02\/emilio-federico-schubert-in-accademia-560x560.jpg\" class=\"attachment-grve-image-small-square size-grve-image-small-square\" alt=\"escuela de moda\" srcset=\"https:\/\/www.koefia.com\/wp-content\/uploads\/2019\/02\/emilio-federico-schubert-in-accademia-560x560.jpg 560w, https:\/\/www.koefia.com\/wp-content\/uploads\/2019\/02\/emilio-federico-schubert-in-accademia-150x150.jpg 150w, https:\/\/www.koefia.com\/wp-content\/uploads\/2019\/02\/emilio-federico-schubert-in-accademia-80x80.jpg 80w\" sizes=\"(max-width: 560px) 100vw, 560px\" \/><\/div><figcaption><\/figcaption><\/figure><\/a><\/div><div class=\"grve-isotope-item  grve-packery-h2-w2\"><a href=\"https:\/\/www.koefia.com\/wp-content\/uploads\/2019\/02\/koefia-corso-portamento.jpg\"><figure class=\"grve-image-hover grve-zoom-in\"><div class=\"grve-media grve-dark-overlay grve-opacity-60\"><img loading=\"lazy\" decoding=\"async\" width=\"828\" height=\"1000\" src=\"https:\/\/www.koefia.com\/wp-content\/uploads\/2019\/02\/koefia-corso-portamento.jpg\" class=\"attachment-grve-image-medium-square size-grve-image-medium-square\" alt=\"escuela de moda\" srcset=\"https:\/\/www.koefia.com\/wp-content\/uploads\/2019\/02\/koefia-corso-portamento.jpg 828w, https:\/\/www.koefia.com\/wp-content\/uploads\/2019\/02\/koefia-corso-portamento-248x300.jpg 248w, https:\/\/www.koefia.com\/wp-content\/uploads\/2019\/02\/koefia-corso-portamento-768x928.jpg 768w\" sizes=\"(max-width: 828px) 100vw, 828px\" \/><\/div><figcaption><\/figcaption><\/figure><\/a><\/div><div class=\"grve-isotope-item  grve-packery-image\"><a href=\"https:\/\/www.koefia.com\/wp-content\/uploads\/2019\/02\/koefia-premizione-diplomi.jpg\"><figure class=\"grve-image-hover grve-zoom-in\"><div class=\"grve-media grve-dark-overlay grve-opacity-60\"><img loading=\"lazy\" decoding=\"async\" width=\"560\" height=\"560\" src=\"https:\/\/www.koefia.com\/wp-content\/uploads\/2019\/02\/koefia-premizione-diplomi-560x560.jpg\" class=\"attachment-grve-image-small-square size-grve-image-small-square\" alt=\"escuela de moda\" srcset=\"https:\/\/www.koefia.com\/wp-content\/uploads\/2019\/02\/koefia-premizione-diplomi-560x560.jpg 560w, https:\/\/www.koefia.com\/wp-content\/uploads\/2019\/02\/koefia-premizione-diplomi-150x150.jpg 150w, https:\/\/www.koefia.com\/wp-content\/uploads\/2019\/02\/koefia-premizione-diplomi-80x80.jpg 80w\" sizes=\"(max-width: 560px) 100vw, 560px\" \/><\/div><figcaption><\/figcaption><\/figure><\/a><\/div><div class=\"grve-isotope-item  grve-packery-image\"><a href=\"https:\/\/www.koefia.com\/wp-content\/uploads\/2019\/02\/koefia-sfilata-anni-70.jpg\"><figure class=\"grve-image-hover grve-zoom-in\"><div class=\"grve-media grve-dark-overlay grve-opacity-60\"><img loading=\"lazy\" decoding=\"async\" width=\"560\" height=\"560\" src=\"https:\/\/www.koefia.com\/wp-content\/uploads\/2019\/02\/koefia-sfilata-anni-70-560x560.jpg\" class=\"attachment-grve-image-small-square size-grve-image-small-square\" alt=\"Academia de Alta Costura Koefia Roma\" srcset=\"https:\/\/www.koefia.com\/wp-content\/uploads\/2019\/02\/koefia-sfilata-anni-70-560x560.jpg 560w, https:\/\/www.koefia.com\/wp-content\/uploads\/2019\/02\/koefia-sfilata-anni-70-150x150.jpg 150w, https:\/\/www.koefia.com\/wp-content\/uploads\/2019\/02\/koefia-sfilata-anni-70-80x80.jpg 80w\" sizes=\"(max-width: 560px) 100vw, 560px\" \/><\/div><figcaption><\/figcaption><\/figure><\/a><\/div><div class=\"grve-isotope-item  grve-packery-image\"><a href=\"https:\/\/www.koefia.com\/wp-content\/uploads\/2019\/02\/lezione-di-anatomia.jpg\"><figure class=\"grve-image-hover grve-zoom-in\"><div class=\"grve-media grve-dark-overlay grve-opacity-60\"><img loading=\"lazy\" decoding=\"async\" width=\"560\" height=\"560\" src=\"https:\/\/www.koefia.com\/wp-content\/uploads\/2019\/02\/lezione-di-anatomia-560x560.jpg\" class=\"attachment-grve-image-small-square size-grve-image-small-square\" alt=\"escuela de moda\" srcset=\"https:\/\/www.koefia.com\/wp-content\/uploads\/2019\/02\/lezione-di-anatomia-560x560.jpg 560w, https:\/\/www.koefia.com\/wp-content\/uploads\/2019\/02\/lezione-di-anatomia-150x150.jpg 150w, https:\/\/www.koefia.com\/wp-content\/uploads\/2019\/02\/lezione-di-anatomia-80x80.jpg 80w\" sizes=\"(max-width: 560px) 100vw, 560px\" \/><\/div><figcaption><\/figcaption><\/figure><\/a><\/div><div class=\"grve-isotope-item  grve-packery-image\"><a href=\"https:\/\/www.koefia.com\/wp-content\/uploads\/2019\/02\/madame-koefia-50.jpg\"><figure class=\"grve-image-hover grve-zoom-in\"><div class=\"grve-media grve-dark-overlay grve-opacity-60\"><img loading=\"lazy\" decoding=\"async\" width=\"560\" height=\"560\" src=\"https:\/\/www.koefia.com\/wp-content\/uploads\/2019\/02\/madame-koefia-50-560x560.jpg\" class=\"attachment-grve-image-small-square size-grve-image-small-square\" alt=\"escuela de moda\" srcset=\"https:\/\/www.koefia.com\/wp-content\/uploads\/2019\/02\/madame-koefia-50-560x560.jpg 560w, https:\/\/www.koefia.com\/wp-content\/uploads\/2019\/02\/madame-koefia-50-150x150.jpg 150w, https:\/\/www.koefia.com\/wp-content\/uploads\/2019\/02\/madame-koefia-50-80x80.jpg 80w\" sizes=\"(max-width: 560px) 100vw, 560px\" \/><\/div><figcaption><\/figcaption><\/figure><\/a><\/div><div class=\"grve-isotope-item  grve-packery-w2\"><a href=\"https:\/\/www.koefia.com\/wp-content\/uploads\/2019\/02\/schubert-e-nino.novalese.jpg\"><figure class=\"grve-image-hover grve-zoom-in\"><div class=\"grve-media grve-dark-overlay grve-opacity-60\"><img loading=\"lazy\" decoding=\"async\" width=\"663\" height=\"560\" src=\"https:\/\/www.koefia.com\/wp-content\/uploads\/2019\/02\/schubert-e-nino.novalese-663x560.jpg\" class=\"attachment-grve-image-medium-rect-horizontal size-grve-image-medium-rect-horizontal\" alt=\"escuela de moda\" \/><\/div><figcaption><\/figcaption><\/figure><\/a><\/div><\/div><\/div>[\/vc_column][\/vc_row][vc_row padding_top=\u00bb12&#8243;][vc_column][vc_column_text]<\/p>\n<h3 style=\"text-align: center;\">\u00bfPOR QU\u00c9 ESTUDIAR EN LA ACADEMIA KOEFIA?<\/h3>\n<p>[\/vc_column_text]<div class=\"grve-element grve-list grve-list-dot-circle-o \" style=\"\"><ul>\n<li><strong>Over 70 years of excellence<\/strong> &#8211; Since 1951, the Koefia Academy has been teaching young people the secrets of Haute Couture, the production process of designing and creating clothes and collections. El prestigio de la escuela y las habilidades desarrolladas permiten a los estudiantes de Koefia ingresar al mundo laboral en marcas y maisons prestigiosas al a\u00f1o de graduarse.<\/li>\n<li><strong>Accreditation<\/strong> &#8211; The three-year and two-year academic courses are accredited by <a href=\"https:\/\/www.eabhes.eu\/\" target=\"_blank\" rel=\"noopener\">E.A.B.H.E.S.<\/a> \u201cBologna Compliant\u201d as European Bachelor (EQF 6) and European Master (EQF 7).<\/li>\n<li><strong>Reputaci\u00f3n <\/strong>&#8211; Estudiar en la Academia Koefia significa obtener un t\u00edtulo en una de las mejores escuelas de moda italianas, una escuela tambi\u00e9n clasificada internacionalmente por la calidad de sus resultados educativos.<\/li>\n<li><strong>Plan de Estudios<\/strong>&#8211; La oferta docente de la Academia Koefia sigue est\u00e1ndares internacionales. Esto permite que los estudiantes decidan estudiar en otras escuelas alrededor del mundo con la certeza de que sus resultados de aprendizaje son reconocidos.<\/li>\n<li><strong>Inserci\u00f3n del alumno en el mundo de la Alta Costura<\/strong> &#8211; Los eventos, concursos y desfiles de moda en los que participan la Academia y sus alumnos durante sus estudios los ponen en contacto con el mundo \u00abreal\u00bb de la Moda, con un universo profesional de estilistas, Marcas y profesionales famosos. En la Academia Koefia, los estudiantes no solo siguen un curso, sino que asisten a una academia vital llena de eventos e iniciativas. Todas las actividades opcionales que ofrece la Academia a los estudiantes est\u00e1n incluidas en la Cuota. Koefia Academy ofrece a sus estudiantes pasant\u00edas de negocios gratuitas en prestigiosas marcas y maisons donde pueden adquirir experiencia y destacarse.<\/li>\n<li><strong>Multiculturalismo<\/strong>&#8211; A la Academia Koefia asisten muchos estudiantes de otros pa\u00edses europeos y no europeos. Estudiar en Koefia significa conocer y compararse con otras culturas y enriquecer la experiencia de manera significativa.<\/li>\n<li><strong>Roma <\/strong>&#8211; La Academia Koefia tiene su sede en el centro de Roma, donde naci\u00f3 la Alta Costura Italiana. Estudiar en Roma es un sue\u00f1o. La Academia est\u00e1 a tiro de piedra de la Bas\u00edlica de San Pedro, en el barrio \u00abPrati\u00bb, en Via Cola di Rienzo 203, una de las principales calles comerciales de la ciudad. Llegar es f\u00e1cil con el Metro (L\u00ednea A, Estaciones: <em>Lepanto<\/em>| <em>Ottaviano<\/em>).<\/li>\n<li><strong>Servicios Estudiantiles <\/strong>&#8211; Los estudiantes son una familia. En Koefia hacemos todo lo posible para ayudarlos a potenciar su talento. En la Academia Koefia, cada estudiante es \u00fanico y se le sigue en todas sus necesidades, pr\u00e1cticas y did\u00e1cticas, a lo largo del curso de estudio. Con el resultado de potenciar su talento y desarrollar habilidades que lo convertir\u00e1n en un Profesional de la Moda Italiana.<\/li>\n<\/ul>\n<\/div>[\/vc_column][\/vc_row][vc_row][vc_column width=\u00bb1\/3&#8243;][vc_column_text]<\/p>\n<h1 style=\"text-align: center;\">71<\/h1>\n<p style=\"text-align: center;\">A\u00d1OS DE ACTIVIDAD<\/p>\n<p>[\/vc_column_text][\/vc_column][vc_column width=\u00bb1\/3&#8243;][vc_column_text]<\/p>\n<h1 style=\"text-align: center;\">241<\/h1>\n<p style=\"text-align: center;\">ALUMNOS MATRICULADOS<\/p>\n<p>[\/vc_column_text][\/vc_column][vc_column width=\u00bb1\/3&#8243;][vc_column_text]<\/p>\n<h1 style=\"text-align: center;\">86%<\/h1>\n<p style=\"text-align: center;\">INSERCIONES PROFESIONALES<\/p>\n<p>[\/vc_column_text][\/vc_column][\/vc_row][vc_row margin_bottom=\u00bb0&#8243; padding_bottom=\u00bb40&#8243; padding_top=\u00bb30&#8243;][vc_column width=\u00bb1\/2&#8243;]<div class=\"grve-element grve-align-center\"><a class=\"grve-btn grve-btn-medium grve-square grve-black-color grve-btn-line\" href=\"https:\/\/www.koefia.com\/es\/formulario-solicitar-informacion\/\" target=\"_self\" style=\"\"><span>INFORMACI\u00d3N<\/span><\/a><\/div>[\/vc_column][vc_column width=\u00bb1\/2&#8243;]<div class=\"grve-element grve-align-center\"><a class=\"grve-btn grve-btn-medium grve-square grve-black-color grve-btn-line splite-showpopup\" href=\"https:\/\/www.koefia.com\/prenota-colloquio\/\" target=\"_self\" style=\"\"><span>RESERVA UNA ENTREVISTA<\/span><\/a><\/div>[\/vc_column][\/vc_row]<\/p>\n<\/div>","protected":false},"excerpt":{"rendered":"<p>[vc_row header_feature=\u00bbyes\u00bb margin_bottom=\u00bb0&#8243; padding_top=\u00bb30&#8243;][vc_column][vc_column_text] UNA HISTORIA DE AMBIACI\u00d3N Y CALIDAD [\/vc_column_text][\/vc_column][\/vc_row][vc_row padding_top=\u00bb40&#8243; margin_bottom=\u00bb0&#8243;][vc_column width=\u00bb1\/2&#8243;][\/vc_column][vc_column width=\u00bb1\/2&#8243;][vc_tta_tabs][vc_tta_section title=\u00bb1913&#8243; tab_id=\u00bb1548083361414-eec4afe0-4b4c\u00bb][vc_column_text] El 6 de abril naci\u00f3 Toni Alba Koefia en R\u00e1vena. Durante los a\u00f1os de su escolaridad, sinti\u00f3 un creciente inter\u00e9s por la moda que llev\u00f3 a cabo en talleres de sastrer\u00eda y sombrerer\u00eda. A los 16 dise\u00f1\u00f3 una [&hellip;]<\/p>\n","protected":false},"author":3,"featured_media":0,"parent":0,"menu_order":0,"comment_status":"closed","ping_status":"closed","template":"","meta":{"footnotes":""},"class_list":["post-9005","page","type-page","status-publish","hentry"],"aioseo_notices":[],"_links":{"self":[{"href":"https:\/\/www.koefia.com\/es\/wp-json\/wp\/v2\/pages\/9005","targetHints":{"allow":["GET"]}}],"collection":[{"href":"https:\/\/www.koefia.com\/es\/wp-json\/wp\/v2\/pages"}],"about":[{"href":"https:\/\/www.koefia.com\/es\/wp-json\/wp\/v2\/types\/page"}],"author":[{"embeddable":true,"href":"https:\/\/www.koefia.com\/es\/wp-json\/wp\/v2\/users\/3"}],"replies":[{"embeddable":true,"href":"https:\/\/www.koefia.com\/es\/wp-json\/wp\/v2\/comments?post=9005"}],"version-history":[{"count":0,"href":"https:\/\/www.koefia.com\/es\/wp-json\/wp\/v2\/pages\/9005\/revisions"}],"wp:attachment":[{"href":"https:\/\/www.koefia.com\/es\/wp-json\/wp\/v2\/media?parent=9005"}],"curies":[{"name":"wp","href":"https:\/\/api.w.org\/{rel}","templated":true}]}}