{"id":9051,"date":"2019-04-12T13:52:23","date_gmt":"2019-04-12T11:52:23","guid":{"rendered":"https:\/\/www.koefia.com\/formulario-solicitar-informacion\/"},"modified":"2022-04-20T12:43:35","modified_gmt":"2022-04-20T10:43:35","slug":"formulario-solicitar-informacion","status":"publish","type":"page","link":"https:\/\/www.koefia.com\/es\/formulario-solicitar-informacion\/","title":{"rendered":"Formulario &#8211; Solicitar Informaci\u00f3n"},"content":{"rendered":"<div class=\"wpb-content-wrapper\"><p>[vc_row header_feature=\u00bbyes\u00bb padding_bottom=\u00bb0&#8243;][vc_column][vc_column_text css=\u00bb.vc_custom_1616430003146{margin-top: 3% !important;}\u00bb]<\/p>\n<h2 style=\"text-align: center;\">SOLICITE INFORMACI\u00d3N<\/h2>\n<h3 class=\"bigTitle\" style=\"text-align: center;\">Para cualquier informaci\u00f3n cont\u00e1ctenos<\/h3>\n<p class=\"evidenced\" style=\"text-align: center;\">Llena y env\u00eda el formulario indicando el curso de tu inter\u00e9s y tu solicitud:<\/p>\n<p>[\/vc_column_text][\/vc_column][\/vc_row][vc_row][vc_column width=\u00bb1\/6&#8243;][\/vc_column][vc_column width=\u00bb4\/6&#8243;][vc_column_text]\n<div class=\"wpcf7 no-js\" id=\"wpcf7-f9079-o1\" lang=\"it-IT\" dir=\"ltr\" data-wpcf7-id=\"9079\">\n<div class=\"screen-reader-response\"><p role=\"status\" aria-live=\"polite\" aria-atomic=\"true\"><\/p> <ul><\/ul><\/div>\n<form action=\"\/es\/wp-json\/wp\/v2\/pages\/9051#wpcf7-f9079-o1\" method=\"post\" class=\"wpcf7-form init\" aria-label=\"Modulo di contatto\" novalidate=\"novalidate\" data-status=\"init\">\n<fieldset class=\"hidden-fields-container\"><input type=\"hidden\" name=\"_wpcf7\" value=\"9079\" \/><input type=\"hidden\" name=\"_wpcf7_version\" value=\"6.1.5\" \/><input type=\"hidden\" name=\"_wpcf7_locale\" value=\"it_IT\" \/><input type=\"hidden\" name=\"_wpcf7_unit_tag\" value=\"wpcf7-f9079-o1\" \/><input type=\"hidden\" name=\"_wpcf7_container_post\" value=\"0\" \/><input type=\"hidden\" name=\"_wpcf7_posted_data_hash\" value=\"\" \/><input type=\"hidden\" name=\"_wpcf7_recaptcha_response\" value=\"\" \/>\n<\/fieldset>\n<p>Curso de Intereses:<br \/>\n<span class=\"wpcf7-form-control-wrap\" data-name=\"menu-corso\"><select class=\"wpcf7-form-control wpcf7-select wpcf7-validates-as-required\" aria-required=\"true\" aria-invalid=\"false\" name=\"menu-corso\"><option value=\"Seleziona---\">Seleziona---<\/option><option value=\"Licenciatura\">Licenciatura<\/option><option value=\"M\u00e1ster\">M\u00e1ster<\/option><option value=\"Profesional Bienal\">Profesional Bienal<\/option><option value=\"Profesionale Anual\">Profesionale Anual<\/option><\/select><\/span>\n<\/p>\n<tr>\n\t<p>Nombre y Apellido:\n\t<\/p>\n\t<p><span class=\"wpcf7-form-control-wrap\" data-name=\"nome\"><input size=\"40\" maxlength=\"400\" class=\"wpcf7-form-control wpcf7-text wpcf7-validates-as-required\" aria-required=\"true\" aria-invalid=\"false\" value=\"\" type=\"text\" name=\"nome\" \/><\/span>\n\t<\/p>\n<\/tr>\n<p>Email:<br \/>\n<span class=\"wpcf7-form-control-wrap\" data-name=\"email\"><input size=\"40\" maxlength=\"400\" class=\"wpcf7-form-control wpcf7-email wpcf7-validates-as-required wpcf7-text wpcf7-validates-as-email\" aria-required=\"true\" aria-invalid=\"false\" value=\"\" type=\"email\" name=\"email\" \/><\/span>\n<\/p>\n<tr>\n\t<p>Tel\u00e9fono:<br \/>\n<span class=\"wpcf7-form-control-wrap\" data-name=\"telefono\"><input size=\"40\" maxlength=\"400\" class=\"wpcf7-form-control wpcf7-text wpcf7-validates-as-required\" aria-required=\"true\" aria-invalid=\"false\" value=\"\" type=\"text\" name=\"telefono\" \/><\/span>\n\t<\/p>\n<\/tr>\n<p><b>En particular te pido...<br \/>\n<span class=\"wpcf7-form-control-wrap\" data-name=\"messaggio\"><input size=\"40\" maxlength=\"400\" class=\"wpcf7-form-control wpcf7-text\" aria-invalid=\"false\" value=\"\" type=\"text\" name=\"messaggio\" \/><\/span><\/b>\n<\/p>\n<p><br \/>\n<b><span class=\"wpcf7-form-control-wrap\" data-name=\"acceptance-312\"><span class=\"wpcf7-form-control wpcf7-acceptance\"><span class=\"wpcf7-list-item\"><label><input type=\"checkbox\" name=\"acceptance-312\" value=\"1\" aria-invalid=\"false\" \/><span class=\"wpcf7-list-item-label\">Declaro que conozco la <a target=\"blank\" href=\"https:\/\/www.koefia.com\/privacy-policy-2\/\"><u>Pol\u00edtica de Privacidad<\/u><\/a> ex.Art.13 del RGPD679\/16 y Acepto Recibir Informaci\u00f3n sobre Iniciativas Escolares, Becas, Otros Cursos, Eventos\/Desfiles de Moda<\/span><\/label><\/span><\/span><\/span><br \/>\n<input class=\"wpcf7-form-control wpcf7-submit has-spinner\" type=\"submit\" value=\"ENV\u00cdA TUS DATOS\" \/><br \/>\n<\/b>\n<\/p><p style=\"display: none !important;\" class=\"akismet-fields-container\" data-prefix=\"_wpcf7_ak_\"><label>&#916;<textarea name=\"_wpcf7_ak_hp_textarea\" cols=\"45\" rows=\"8\" maxlength=\"100\"><\/textarea><\/label><input type=\"hidden\" id=\"ak_js_1\" name=\"_wpcf7_ak_js\" value=\"114\"\/><script type=\"text\/javascript\">\n\/* <![CDATA[ *\/\ndocument.getElementById( \"ak_js_1\" ).setAttribute( \"value\", ( new Date() ).getTime() );\n\/* ]]> *\/\n<\/script>\n<\/p><div class=\"wpcf7-response-output\" aria-hidden=\"true\"><\/div>\n<\/form>\n<\/div>\n[\/vc_column_text][\/vc_column][vc_column width=\u00bb1\/6&#8243;][\/vc_column][\/vc_row]<\/p>\n<\/div>","protected":false},"excerpt":{"rendered":"<p>[vc_row header_feature=\u00bbyes\u00bb padding_bottom=\u00bb0&#8243;][vc_column][vc_column_text css=\u00bb.vc_custom_1616430003146{margin-top: 3% !important;}\u00bb] SOLICITE INFORMACI\u00d3N Para cualquier informaci\u00f3n cont\u00e1ctenos Llena y env\u00eda el formulario indicando el curso de tu inter\u00e9s y tu solicitud: [\/vc_column_text][\/vc_column][\/vc_row][vc_row][vc_column width=\u00bb1\/6&#8243;][\/vc_column][vc_column width=\u00bb4\/6&#8243;][vc_column_text][\/vc_column_text][\/vc_column][vc_column width=\u00bb1\/6&#8243;][\/vc_column][\/vc_row]<\/p>\n","protected":false},"author":3,"featured_media":0,"parent":0,"menu_order":0,"comment_status":"closed","ping_status":"closed","template":"","meta":{"footnotes":""},"class_list":["post-9051","page","type-page","status-publish","hentry"],"aioseo_notices":[],"_links":{"self":[{"href":"https:\/\/www.koefia.com\/es\/wp-json\/wp\/v2\/pages\/9051","targetHints":{"allow":["GET"]}}],"collection":[{"href":"https:\/\/www.koefia.com\/es\/wp-json\/wp\/v2\/pages"}],"about":[{"href":"https:\/\/www.koefia.com\/es\/wp-json\/wp\/v2\/types\/page"}],"author":[{"embeddable":true,"href":"https:\/\/www.koefia.com\/es\/wp-json\/wp\/v2\/users\/3"}],"replies":[{"embeddable":true,"href":"https:\/\/www.koefia.com\/es\/wp-json\/wp\/v2\/comments?post=9051"}],"version-history":[{"count":0,"href":"https:\/\/www.koefia.com\/es\/wp-json\/wp\/v2\/pages\/9051\/revisions"}],"wp:attachment":[{"href":"https:\/\/www.koefia.com\/es\/wp-json\/wp\/v2\/media?parent=9051"}],"curies":[{"name":"wp","href":"https:\/\/api.w.org\/{rel}","templated":true}]}}