{"id":9107,"date":"2019-01-21T15:39:40","date_gmt":"2019-01-21T14:39:40","guid":{"rendered":"https:\/\/www.koefia.com\/proposito-y-metodo\/"},"modified":"2023-05-04T19:05:59","modified_gmt":"2023-05-04T17:05:59","slug":"proposito-y-metodo","status":"publish","type":"page","link":"https:\/\/www.koefia.com\/es\/proposito-y-metodo\/","title":{"rendered":"PROP\u00d3SITO y M\u00c9TODO"},"content":{"rendered":"<div class=\"wpb-content-wrapper\"><p>[vc_row header_feature=\u00bbyes\u00bb margin_bottom=\u00bb0&#8243; padding_top=\u00bb30&#8243;][vc_column css=\u00bb.vc_custom_1551807620205{margin-bottom: 3% !important;}\u00bb][vc_column_text]<\/p>\n<h1 style=\"text-align: center;\">PROP\u00d3SITO Y M\u00c9TODO KOEFIA<\/h1>\n<h3 style=\"text-align: center;\"><strong>Una Escuela Exclusiva<\/strong><\/h3>\n<p>[\/vc_column_text][\/vc_column][\/vc_row][vc_row][vc_column width=\u00bb3\/5&#8243;][vc_column_text]<\/p>\n<p style=\"text-align: justify;\">Desde 1951, la Academia KOEFIA ha estado preparando estudiantes por un per\u00edodo de tres a\u00f1os fuertemente orientados hacia el componente pr\u00e1ctico de la profesi\u00f3n.<\/p>\n<p style=\"text-align: justify;\">Una vez formado, el alumno de KOEFIA es un profesional. Destaca por su capacidad de intervenir en todas las fases del proceso creativo y de producci\u00f3n: desde el boceto de un vestido sobre una s\u00e1bana hasta la creaci\u00f3n de toda una colecci\u00f3n de Alta Costura para lucir en el desfile. Los alumnos de Koefia se convierten en verdaderos <em>Couturier<\/em>y <em>Couturi\u00e8re<\/em>capaces de seguir todo el proceso de producci\u00f3n, con una vitalidad de dise\u00f1o que va de la mano con la competencia de fabricaci\u00f3n. Esto es lo que distingue al joven profesional que estudi\u00f3 en la Academia Koefia: el dominio de las t\u00e9cnicas cl\u00e1sicas de la alta costura, el fast fashion y las herramientas de dise\u00f1o digital. La innovaci\u00f3n digital se une a la tradici\u00f3n art\u00edstica.<\/p>\n<p>[\/vc_column_text][\/vc_column][vc_column width=\u00bb2\/5&#8243;]<div class=\"grve-element grve-image grve-align-center\" style=\"\"><img fetchpriority=\"high\" decoding=\"async\" width=\"1000\" height=\"667\" src=\"https:\/\/www.koefia.com\/wp-content\/uploads\/2019\/09\/valentina-angius-sardegna.jpg\" class=\"attachment-full size-full\" alt=\"\" srcset=\"https:\/\/www.koefia.com\/wp-content\/uploads\/2019\/09\/valentina-angius-sardegna.jpg 1x,https:\/\/www.koefia.com\/wp-content\/uploads\/2019\/09\/valentina-angius-sardegna.jpg 2x\" \/><\/div>[\/vc_column][\/vc_row][vc_row][vc_column width=\u00bb3\/5&#8243;][vc_column_text]<\/p>\n<h4>La tradici\u00f3n creativa art\u00edstica<\/h4>\n<p style=\"text-align: justify;\">A lo largo de una trayectoria educativa de tres a\u00f1os, la m\u00e1s completa, el joven estudiante aprende todo lo que necesita para convertirse en un profesional independiente de la alta costura: aprende a dise\u00f1ar prendas, ropa y colecciones de moda; aprende a construir patrones de papel para cada tipo de proyecto, desde la camiseta m\u00e1s simple hasta el vestuario teatral m\u00e1s complejo; aprenda a confeccionar las telas y los adornos que hacen que un vestido de alta costura sea precioso y exclusivo. En cuanto a la producci\u00f3n, la Academia Koefia ense\u00f1a ahora raros procesos de sastrer\u00eda art\u00edstica: bordado en telar italiano, g\u00e9neros de punto, macram\u00e9, fieltro, gorro, accesorios como bolsos y guantes.<\/p>\n<p>[\/vc_column_text][\/vc_column][vc_column width=\u00bb2\/5&#8243;]<div class=\"grve-element grve-image grve-align-center\" style=\"\"><img decoding=\"async\" width=\"2048\" height=\"1365\" src=\"https:\/\/www.koefia.com\/wp-content\/uploads\/2019\/02\/scuola-di-moda-koefia_87.jpg\" class=\"attachment-full size-full\" alt=\"\" srcset=\"https:\/\/www.koefia.com\/wp-content\/uploads\/2019\/02\/scuola-di-moda-koefia_87.jpg 1x,https:\/\/www.koefia.com\/wp-content\/uploads\/2019\/02\/scuola-di-moda-koefia_87.jpg 2x\" \/><\/div>[\/vc_column][\/vc_row][vc_row][vc_column width=\u00bb3\/5&#8243;][vc_column_text]<\/p>\n<h4>Innovaci\u00f3n digital en el dise\u00f1o<\/h4>\n<p style=\"text-align: justify;\">A esto se suman las novedades que han afectado al sector de la moda en los \u00faltimos a\u00f1os. La revoluci\u00f3n digital ha abierto nuevas posibilidades para el dise\u00f1o tridimensional de prendas y la gr\u00e1fica de prendas con las que el dise\u00f1o de moda se convierte en una obra de arte.<\/p>\n<p style=\"text-align: justify;\">El modelado cad-cam y el dise\u00f1o profesional con el software CLO3D representan ense\u00f1anzas de vanguardia que tienen el poder de unir la certeza de la alta costura a la eficiencia que requiere la moda industrial en t\u00e9rminos de velocidad, costos y desarrollo de tallas.<\/p>\n<p>[\/vc_column_text][\/vc_column][vc_column width=\u00bb2\/5&#8243;]<div class=\"grve-element grve-image grve-align-center\" style=\"\"><img decoding=\"async\" width=\"1920\" height=\"1080\" src=\"https:\/\/www.koefia.com\/wp-content\/uploads\/2020\/08\/2021-11-23-11_51_11-Greenshot.jpg\" class=\"attachment-full size-full\" alt=\"\" srcset=\"https:\/\/www.koefia.com\/wp-content\/uploads\/2020\/08\/2021-11-23-11_51_11-Greenshot.jpg 1x,https:\/\/www.koefia.com\/wp-content\/uploads\/2020\/08\/2021-11-23-11_51_11-Greenshot.jpg 2x\" \/><\/div>[\/vc_column][\/vc_row][vc_row middle_content=\u00bbyes\u00bb bg_type=\u00bbcolor\u00bb bg_color=\u00bb#f4f4f4&#8243; padding_top=\u00bb30px\u00bb][vc_column width=\u00bb3\/5&#8243;]<div class=\"grve-element grve-image grve-align-center\" style=\"\"><img loading=\"lazy\" decoding=\"async\" width=\"1291\" height=\"1000\" src=\"https:\/\/www.koefia.com\/wp-content\/uploads\/2019\/02\/corso-modellistica-koefia-50.jpg\" class=\"attachment-full size-full\" alt=\"escuela de moda\" srcset=\"https:\/\/www.koefia.com\/wp-content\/uploads\/2019\/02\/corso-modellistica-koefia-50.jpg 1x,https:\/\/www.koefia.com\/wp-content\/uploads\/2019\/02\/corso-modellistica-koefia-50.jpg 2x\" \/><\/div><div class=\"grve-element grve-hr grve-space-divider\" style=\"margin-bottom: 10px;padding-bottom: 10px;\"><\/div>[vc_column_text]<\/p>\n<blockquote><p>\u00a1Se multiplican las posibilidades de empleo e inserci\u00f3n en gran Maison del joven profesional formado en producci\u00f3n de moda!<\/p><\/blockquote>\n<p>[\/vc_column_text][\/vc_column][vc_column width=\u00bb2\/5&#8243;][vc_column_text]<\/p>\n<h2 style=\"text-align: center;\">EL M\u00c9TODO KOEFIA: EL <em>MOULAGE<\/em>ITALIANO<\/h2>\n<p style=\"text-align: justify;\">A lo largo de los a\u00f1os, la Academia Koefia ha desarrollado un m\u00e9todo basado en la construcci\u00f3n del patr\u00f3n sobre el maniqu\u00ed, como puesta a punto y desarrollo del <i>moulage<\/i>franc\u00e9s.<\/p>\n<p>Este m\u00e9todo fue puesto en sus bases por Alba Toni Koefia a partir de la d\u00e9cada de 1920, retomando la t\u00e9cnica de corte al bies de Madame Vionnet para desarrollarla con el uso de papel de seda en una primera fase. La estructura del vestido se crea modelando el papel de seda directamente sobre el maniqu\u00ed en tres dimensiones, y luego se crea la tela del modelo en la segunda fase; que sirve para hacer el \u00abdefecto\u00bb del caratmodel para hacerlo perfecto y capaz de seguir la forma del cuerpo de acuerdo con lo previsto por el proyecto de boceto.<\/p>\n<p>Quien conoce esta t\u00e9cnica tiene un equipo extra no solo para la creaci\u00f3n de alta costura a medida sino tambi\u00e9n para la elaboraci\u00f3n de la primera muestra (muestra) de una producci\u00f3n de pr\u00eat-\u00e0-porter dentro de una empresa del sector.[\/vc_column_text][\/vc_column][\/vc_row][vc_row][vc_column width=\u00bb3\/5&#8243;][vc_column_text]<\/p>\n<h2 style=\"text-align: center;\">EL M\u00c9TODO DE FUNCIONAMIENTO DEL \u00abATELIER\u00bb<\/h2>\n<p style=\"text-align: justify;\">Alba Toni Brasini &#8211; Madame Koefia &#8211; fue la arquitecta de muchas innovaciones en el campo de la naciente moda italiana en los a\u00f1os 50 y 60. No s\u00f3lo ha desarrollado el M\u00e9todo Italiano Moulage para la construcci\u00f3n de prototipos, sino que tambi\u00e9n ha revolucionado la ense\u00f1anza, caracteriz\u00e1ndola por el fuerte componente pr\u00e1ctico que sigue caracterizando a la Academia Koefia, fiel a su tradici\u00f3n.<\/p>\n<p>Los alumnos no estudian sobre libros escritos por otros, sino sobre textos hechos por ellos mismos a partir de la ense\u00f1anza de los Maestros, de las notas tomadas en el Atelier, de las correcciones y de los ejercicios continuos realizados para crear los productos intermedios de la moda. trabajo de producci\u00f3n: silueta, bocetos de moda, estampados, lienzos, bordados, prendas y prendas exteriores. Cada alumno hace una fiel copia de los materiales y ense\u00f1anzas recibidas, creando Vadem\u00e9cum caracter\u00edsticos que quedan para caracterizar su estilo y su habilidad de manera exclusiva.<\/p>\n<blockquote><p>Porque cada estilista, cada modisto tiene un gusto, un estilo y una habilidad sartorial diferentes a los dem\u00e1s.<\/p><\/blockquote>\n<p>Koefia Academy presta gran atenci\u00f3n a optimizar el aprendizaje de forma individualizada. Cada estudiante es diferente en objetivos y habilidades b\u00e1sicas y debe ser guiado de manera natural para realizar su expresi\u00f3n art\u00edstica y su habilidad para trabajar manualmente. Las t\u00e9cnicas de aprendizaje practicadas en Keofia son \u00abt\u00e9cnicas activas\u00bb (es decir, actividades procedimentales que involucran activamente al estudiante en el proceso de aprendizaje). El m\u00e9todo de aprendizaje en el Atelier tiende a desarrollar procesos de aprendizaje diferentes y m\u00e1s aut\u00f3nomos; garantizar una oferta formativa personalizable; promover y\/o consolidar el inter\u00e9s y la motivaci\u00f3n de los estudiantes.<\/p>\n<p>El M\u00e9todo Did\u00e1ctico de Koefia&#8217;s Atelier tiene como resultado activar procesos de entrenamiento dentro de un \u201cespacio mental equipado\u201d, un mindset, que se convierte en una forma de interactuar con la realidad para comprenderla y cambiarla. Con el trabajo en el Atelier el estudiante domina el sentido de su aprendizaje, porque produce, porque trabaja concretamente, porque \u201chaciendo\u201d sabe a d\u00f3nde quiere llegar y por qu\u00e9.<\/p>\n<blockquote><p>El objetivo es conocer y aprender a trav\u00e9s de la acci\u00f3n.<\/p><\/blockquote>\n<p>[\/vc_column_text][\/vc_column][vc_column width=\u00bb2\/5&#8243;]<div class=\"grve-element grve-image grve-align-center\" style=\"\"><img loading=\"lazy\" decoding=\"async\" width=\"1200\" height=\"545\" src=\"https:\/\/www.koefia.com\/wp-content\/uploads\/2019\/03\/metodo-corsi-accademia-koefia.jpg\" class=\"attachment-full size-full\" alt=\"escuela de moda\" srcset=\"https:\/\/www.koefia.com\/wp-content\/uploads\/2019\/03\/metodo-corsi-accademia-koefia.jpg 1x,https:\/\/www.koefia.com\/wp-content\/uploads\/2019\/03\/metodo-corsi-accademia-koefia.jpg 2x\" \/><\/div><div class=\"grve-element grve-hr grve-space-divider\" style=\"margin-bottom: 10px;padding-bottom: 10px;\"><\/div><div class=\"grve-element grve-image grve-align-center\" style=\"\"><img loading=\"lazy\" decoding=\"async\" width=\"1000\" height=\"515\" src=\"https:\/\/www.koefia.com\/wp-content\/uploads\/2019\/01\/corso-modellistica-alta-moda-roma-02.jpg\" class=\"attachment-full size-full\" alt=\"Corso designer Stilista Alta Moda Roma\" srcset=\"https:\/\/www.koefia.com\/wp-content\/uploads\/2019\/01\/corso-modellistica-alta-moda-roma-02.jpg 1x,https:\/\/www.koefia.com\/wp-content\/uploads\/2019\/01\/corso-modellistica-alta-moda-roma-02.jpg 2x\" \/><\/div><div class=\"grve-element grve-hr grve-space-divider\" style=\"margin-bottom: 10px;padding-bottom: 10px;\"><\/div><div class=\"grve-element grve-image grve-align-center\" style=\"\"><img loading=\"lazy\" decoding=\"async\" width=\"1440\" height=\"1440\" src=\"https:\/\/www.koefia.com\/wp-content\/uploads\/2022\/04\/IMG_6134.jpg\" class=\"attachment-full size-full\" alt=\"\" srcset=\"https:\/\/www.koefia.com\/wp-content\/uploads\/2022\/04\/IMG_6134.jpg 1x,https:\/\/www.koefia.com\/wp-content\/uploads\/2022\/04\/IMG_6134.jpg 2x\" \/><\/div>[\/vc_column][\/vc_row][vc_row][vc_column width=\u00bb1\/2&#8243;][\/vc_column][vc_column width=\u00bb1\/2&#8243;][\/vc_column][\/vc_row][vc_row][vc_column][\/vc_column][\/vc_row][vc_row margin_bottom=\u00bb0&#8243; padding_bottom=\u00bb60&#8243;][vc_column width=\u00bb1\/2&#8243;]<div class=\"grve-element grve-align-center\"><a class=\"grve-btn grve-btn-medium grve-round grve-black-color grve-btn-line\" href=\"https:\/\/www.koefia.com\/es\/formulario-solicitar-informacion\/\" target=\"_self\" style=\"\"><span>INFORMACI\u00d3N<\/span><\/a><\/div>[\/vc_column][vc_column width=\u00bb1\/2&#8243;]<div class=\"grve-element grve-align-center\"><a class=\"grve-btn grve-btn-medium grve-round grve-black-color grve-btn-line\" href=\"https:\/\/www.koefia.com\/prenota-colloquio\/\" target=\"_self\" style=\"\"><span>RESERVA UNA ENTREVISTA<\/span><\/a><\/div>[\/vc_column][\/vc_row]<\/p>\n<\/div>","protected":false},"excerpt":{"rendered":"<p>[vc_row header_feature=\u00bbyes\u00bb margin_bottom=\u00bb0&#8243; padding_top=\u00bb30&#8243;][vc_column css=\u00bb.vc_custom_1551807620205{margin-bottom: 3% !important;}\u00bb][vc_column_text] PROP\u00d3SITO Y M\u00c9TODO KOEFIA Una Escuela Exclusiva [\/vc_column_text][\/vc_column][\/vc_row][vc_row][vc_column width=\u00bb3\/5&#8243;][vc_column_text] Desde 1951, la Academia KOEFIA ha estado preparando estudiantes por un per\u00edodo de tres a\u00f1os fuertemente orientados hacia el componente pr\u00e1ctico de la profesi\u00f3n. Una vez formado, el alumno de KOEFIA es un profesional. Destaca por su capacidad de [&hellip;]<\/p>\n","protected":false},"author":3,"featured_media":0,"parent":0,"menu_order":0,"comment_status":"closed","ping_status":"closed","template":"","meta":{"footnotes":""},"class_list":["post-9107","page","type-page","status-publish","hentry"],"aioseo_notices":[],"_links":{"self":[{"href":"https:\/\/www.koefia.com\/es\/wp-json\/wp\/v2\/pages\/9107","targetHints":{"allow":["GET"]}}],"collection":[{"href":"https:\/\/www.koefia.com\/es\/wp-json\/wp\/v2\/pages"}],"about":[{"href":"https:\/\/www.koefia.com\/es\/wp-json\/wp\/v2\/types\/page"}],"author":[{"embeddable":true,"href":"https:\/\/www.koefia.com\/es\/wp-json\/wp\/v2\/users\/3"}],"replies":[{"embeddable":true,"href":"https:\/\/www.koefia.com\/es\/wp-json\/wp\/v2\/comments?post=9107"}],"version-history":[{"count":0,"href":"https:\/\/www.koefia.com\/es\/wp-json\/wp\/v2\/pages\/9107\/revisions"}],"wp:attachment":[{"href":"https:\/\/www.koefia.com\/es\/wp-json\/wp\/v2\/media?parent=9107"}],"curies":[{"name":"wp","href":"https:\/\/api.w.org\/{rel}","templated":true}]}}