{"id":9126,"date":"2019-01-10T16:54:34","date_gmt":"2019-01-10T15:54:34","guid":{"rendered":"https:\/\/www.koefia.com\/oferta-de-formacion-koefia\/"},"modified":"2023-05-04T19:13:20","modified_gmt":"2023-05-04T17:13:20","slug":"oferta-de-formacion-koefia","status":"publish","type":"page","link":"https:\/\/www.koefia.com\/es\/oferta-de-formacion-koefia\/","title":{"rendered":"OFERTA DE FORMACI\u00d3N KOEFIA"},"content":{"rendered":"<div class=\"wpb-content-wrapper\"><p>[vc_row header_feature=\u00bbyes\u00bb margin_bottom=\u00bb0&#8243; padding_top=\u00bb20&#8243;][vc_column css=\u00bb.vc_custom_1551807683759{margin-bottom: 3% !important;}\u00bb][vc_column_text]<\/p>\n<h1 style=\"text-align: center;\">OFERTA DE FORMACI\u00d3N KOEFIA<\/h1>\n<p>[\/vc_column_text][\/vc_column][\/vc_row][vc_row section_type=\u00bbfullwidth-element\u00bb middle_content=\u00bbyes\u00bb][vc_column width=\u00bb1\/6&#8243;][\/vc_column][vc_column width=\u00bb2\/3&#8243;][vc_column_text]<\/p>\n<blockquote><p>KOEFIA Academy se ocupa de una sola cosa, \u00a1y lo hace bien!<\/p>\n<h3>Ense\u00f1ando a los j\u00f3venes el <strong>Proceso de Producci\u00f3n de Alta Costura y Moda Industrial<\/strong><\/h3>\n<\/blockquote>\n<p>Para ello propone itinerarios de estudio diferenciados de tres a un a\u00f1o de estudio, siempre con objetivos profesionales. Los Cursos &#8211; es decir &#8211; ense\u00f1an a trabajar realmente en un Atelier de Moda, persiguiendo el m\u00e1s alto nivel de calidad de la prenda textil. Los caminos de estudio se modulan seg\u00fan las tres fases cl\u00e1sicas de producci\u00f3n:<\/p>\n<ol>\n<li>Concepto \/ Dise\u00f1o \/ Dise\u00f1o de Moda<\/li>\n<li>Modelado y realizaci\u00f3n del Prototipo<\/li>\n<li>Sastrer\u00eda y Confecci\u00f3n de Alta Costura + Fabricaci\u00f3n Textil (Dise\u00f1o textil)<\/li>\n<\/ol>\n<p>[\/vc_column_text]<div class=\"grve-element grve-align-left popmake-3881\"><a class=\"grve-btn grve-btn-medium grve-round grve-bg-primary-2 grve-btn-line\" href=\"https:\/\/www.koefia.com\/es\/formulario-solicitar-informacion\/\" target=\"_blank\" style=\"\"><span>DESCUBRE EL M\u00c9TODO<\/span><\/a><\/div>[\/vc_column][vc_column width=\u00bb1\/6&#8243; css=\u00bb.vc_custom_1650547224619{padding-top: 15px !important;padding-bottom: 15px !important;padding-left: 15px !important;}\u00bb]<div class=\"grve-element grve-image grve-full-image grve-align-center\" style=\"\"><img fetchpriority=\"high\" decoding=\"async\" width=\"560\" height=\"533\" src=\"https:\/\/www.koefia.com\/wp-content\/uploads\/2022\/07\/SLIDE-6-1-560x533.jpeg\" class=\"attachment-grve-image-small-square size-grve-image-small-square\" alt=\"\" \/><\/div>[\/vc_column][\/vc_row][vc_row section_type=\u00bbfullwidth-element\u00bb flex_height=\u00bbyes\u00bb middle_content=\u00bbyes\u00bb][vc_column width=\u00bb1\/6&#8243;][\/vc_column][vc_column width=\u00bb2\/3&#8243;][vc_column_text]<\/p>\n<blockquote>\n<h2 class=\"subtitle_text\">1. Cursos Acad\u00e9micos de Moda<\/h2>\n<p>Estos son los cursos m\u00e1s completos para estudiantes de secundaria y posgrado que quieren aprender todo sobre la producci\u00f3n de alta costura italiana mediante la obtenci\u00f3n de un t\u00edtulo final.<\/p>\n<ol>\n<li><strong>Cursos de tres a\u00f1os GRADO EUROPEO<\/strong> | PostDiploma | Acreditado por <a href=\"https:\/\/www.eabhes.eu\/\">EABHES<\/a> | MEC 6 | 180 ECTS (12 Lengua Extranjera) | <em>Inicio<\/em>: Octubre 2022 | <em>N\u00famero cerrado<\/em>: 50 plazas<\/li>\n<li><strong>M\u00c1STER EUROPEO Curso Bienal<\/strong> | Posgrado | Acreditado por <a href=\"https:\/\/www.eabhes.eu\/\">EABHES<\/a> | MEC 7 | 120 ECTS (12 Lengua Extranjera) | <em>Inicio<\/em>: Septiembre 2022 | <em>N\u00famero cerrado<\/em>: 10 plazas<\/li>\n<\/ol>\n<p><strong>Cr\u00e9ditos Complementario<\/strong> En el marco de la <a href=\"https:\/\/www.eabhes.eu\/\">EABHES<\/a> y el &gt;, el Estudiante puede Agregar Cr\u00e9ditos Adicionales a su Plan de Estudios Studiorum (Cr\u00e9ditos Complementarios) Aprovechando las Actividades Extracurriculares Desarrolladas Concurrentemente con los Estudios Acad\u00e9micos.<\/p>\n<p><strong>Reconocimiento de cr\u00e9ditos <\/strong>&gt; Para aquellos que ya tienen experiencia laboral o han asistido a otros cursos y otros institutos italianos o internacionales, es posible reconocer cr\u00e9ditos anteriores y reducir programas y tiempos de estudio.<\/p><\/blockquote>\n<p>[\/vc_column_text]<div class=\"grve-element grve-align-left popmake-3881\"><a class=\"grve-btn grve-btn-medium grve-round grve-bg-primary-3 grve-btn-line\" href=\"https:\/\/www.koefia.com\/es\/formulario-solicitar-informacion\/\" target=\"_blank\" style=\"\"><span>SOLICITE INFORMACI\u00d3N<\/span><\/a><\/div>[\/vc_column][vc_column width=\u00bb1\/6&#8243; css=\u00bb.vc_custom_1650547238917{padding-top: 15px !important;padding-bottom: 15px !important;padding-left: 15px !important;}\u00bb]<div class=\"grve-element grve-image grve-full-image grve-align-center\" style=\"\"><img decoding=\"async\" width=\"560\" height=\"560\" src=\"https:\/\/www.koefia.com\/wp-content\/uploads\/2022\/04\/sfondo_05-560x560.jpg\" class=\"attachment-grve-image-small-square size-grve-image-small-square\" alt=\"\" srcset=\"https:\/\/www.koefia.com\/wp-content\/uploads\/2022\/04\/sfondo_05-560x560.jpg 560w, https:\/\/www.koefia.com\/wp-content\/uploads\/2022\/04\/sfondo_05-150x150.jpg 150w, https:\/\/www.koefia.com\/wp-content\/uploads\/2022\/04\/sfondo_05-250x250.jpg 250w, https:\/\/www.koefia.com\/wp-content\/uploads\/2022\/04\/sfondo_05-80x80.jpg 80w\" sizes=\"(max-width: 560px) 100vw, 560px\" \/><\/div>[\/vc_column][\/vc_row][vc_row section_type=\u00bbfullwidth-element\u00bb middle_content=\u00bbyes\u00bb][vc_column width=\u00bb1\/6&#8243;][\/vc_column][vc_column width=\u00bb2\/3&#8243;][vc_column_text]<\/p>\n<blockquote>\n<h2 class=\"subtitle_text\">2. Cursos Bienales Profesionales de Moda<\/h2>\n<p>Es la soluci\u00f3n ideal en el caso de que el alumno desee centrar su atenci\u00f3n en una formaci\u00f3n t\u00e9cnica y pr\u00e1ctica en el Atelier para conseguir amplias competencias que favorezcan la integraci\u00f3n profesional. Los Cursos Bienales de Koefia est\u00e1n integrados con las Cualificaciones Profesionales de la Regi\u00f3n de Lazio y emiten un Diploma Profesional de Koefia.<\/p>\n<ol>\n<li><strong>Curso de dos a\u00f1os DISE\u00d1ADOR Y MODELISTA DE ALTA MODA<\/strong> | <em>Inicio<\/em>: Octubre 2022 | <em>N\u00famero cerrado<\/em>: 20 plazas<\/li>\n<li><strong>Curso de dos a\u00f1os MAQUETAMIENTO Y CONFECCI\u00d3N DE ALTA COSTURA<\/strong> | <em>Inicio<\/em>: Septiembre 2022 | <em>N\u00famero cerrado<\/em>: 20 plazas<\/li>\n<\/ol>\n<p>La evaluaci\u00f3n de acceso a este tipo de estudios la realiza el Asesor Acad\u00e9mico y la Direcci\u00f3n.<\/p>\n<p>Para acceder a los cursos de dos a\u00f1os s\u00f3lo se requiere la escolaridad obligatoria.<\/p><\/blockquote>\n<p>[\/vc_column_text]<div class=\"grve-element grve-align-left popmake-3881\"><a class=\"grve-btn grve-btn-medium grve-round grve-bg-primary-4 grve-btn-line\" href=\"https:\/\/www.koefia.com\/es\/formulario-solicitar-informacion\/\" target=\"_blank\" style=\"\"><span>SOLICITE INFORMACI\u00d3N<\/span><\/a><\/div>[\/vc_column][vc_column width=\u00bb1\/6&#8243; css=\u00bb.vc_custom_1650547238917{padding-top: 15px !important;padding-bottom: 15px !important;padding-left: 15px !important;}\u00bb]<div class=\"grve-element grve-image grve-full-image grve-align-center\" style=\"\"><img decoding=\"async\" width=\"560\" height=\"560\" src=\"https:\/\/www.koefia.com\/wp-content\/uploads\/2022\/04\/275105638_4860983823978078_8576244835125092010_n-1-560x560.jpg\" class=\"attachment-grve-image-small-square size-grve-image-small-square\" alt=\"\" srcset=\"https:\/\/www.koefia.com\/wp-content\/uploads\/2022\/04\/275105638_4860983823978078_8576244835125092010_n-1-560x560.jpg 560w, https:\/\/www.koefia.com\/wp-content\/uploads\/2022\/04\/275105638_4860983823978078_8576244835125092010_n-1-150x150.jpg 150w, https:\/\/www.koefia.com\/wp-content\/uploads\/2022\/04\/275105638_4860983823978078_8576244835125092010_n-1-250x250.jpg 250w, https:\/\/www.koefia.com\/wp-content\/uploads\/2022\/04\/275105638_4860983823978078_8576244835125092010_n-1-80x80.jpg 80w\" sizes=\"(max-width: 560px) 100vw, 560px\" \/><\/div>[\/vc_column][\/vc_row][vc_row section_type=\u00bbfullwidth-element\u00bb middle_content=\u00bbyes\u00bb][vc_column width=\u00bb1\/6&#8243;][\/vc_column][vc_column width=\u00bb2\/3&#8243;][vc_column_text]<\/p>\n<blockquote>\n<h2 class=\"subtitle_text\">3. Cursos Anuales de Moda Profesional<\/h2>\n<p>Los Cursos Profesionales son de dos tipos:<\/p>\n<ol>\n<li><strong>MASTER <\/strong>&gt; Se requiere un t\u00edtulo de Grado entrante.<\/li>\n<li><b>PROFESIONAL<\/b>&gt; <em>No se requiere calificaci\u00f3n educativa al ingresar.<\/em><\/li>\n<\/ol>\n<p><strong>CURSOS ANUALES<\/strong><\/p>\n<ol>\n<li><strong>Curso Anual M\u00e1ster INNOVACI\u00d3N EN DISE\u00d1O DE MODA DIGITAL<\/strong> | 60 ECTS | en fase de acreditaci\u00f3n E.A.B.H.E.S. EQF7 | <em>Inicio<\/em>: Septiembre 2022 | <em>N\u00famero cerrado<\/em>: 10 plazas<\/li>\n<li><strong>Curso Anual DISE\u00d1ADOR DE MODA CREATIVO<\/strong> | Cualificaci\u00f3n EQF6 Regi\u00f3n de Lazio | <em>Inicio<\/em>: Octubre 2022 | <em>N\u00famero cerrado<\/em>: 10 plazas<\/li>\n<li><strong>Curso Anual de MODELAJE DE ALTA COSTURA<\/strong> | Diploma de Koefia | <em>Inicio<\/em>: Septiembre 2022 | <em>N\u00famero cerrado<\/em>: 10 plazas<\/li>\n<li><strong>Curso Anual <strong>SASTRER\u00cdA ALTA COSTURA<\/strong> | Diploma de Koefia | <em>Inicio<\/em>: Octubre 2022 | <em>N\u00famero cerrado<\/em>: 10 plazas<\/strong><\/li>\n<\/ol>\n<\/blockquote>\n<p>[\/vc_column_text]<div class=\"grve-element grve-align-left popmake-3881\"><a class=\"grve-btn grve-btn-medium grve-round grve-bg-primary-5 grve-btn-line\" href=\"\" target=\"_self\" style=\"\"><span>SOLICITE INFORMACI\u00d3N<\/span><\/a><\/div>[\/vc_column][vc_column width=\u00bb1\/6&#8243; css=\u00bb.vc_custom_1650547238917{padding-top: 15px !important;padding-bottom: 15px !important;padding-left: 15px !important;}\u00bb]<div class=\"grve-element grve-image grve-full-image grve-align-center\" style=\"\"><img loading=\"lazy\" decoding=\"async\" width=\"560\" height=\"560\" src=\"https:\/\/www.koefia.com\/wp-content\/uploads\/2022\/07\/slide-8-560x560.jpeg\" class=\"attachment-grve-image-small-square size-grve-image-small-square\" alt=\"\" srcset=\"https:\/\/www.koefia.com\/wp-content\/uploads\/2022\/07\/slide-8-560x560.jpeg 560w, https:\/\/www.koefia.com\/wp-content\/uploads\/2022\/07\/slide-8-150x150.jpeg 150w, https:\/\/www.koefia.com\/wp-content\/uploads\/2022\/07\/slide-8-250x250.jpeg 250w, https:\/\/www.koefia.com\/wp-content\/uploads\/2022\/07\/slide-8-80x80.jpeg 80w\" sizes=\"(max-width: 560px) 100vw, 560px\" \/><\/div>[\/vc_column][\/vc_row][vc_row section_type=\u00bbfullwidth-element\u00bb middle_content=\u00bbyes\u00bb bg_type=\u00bbimage\u00bb footer_feature=\u00bbyes\u00bb][vc_column css=\u00bb.vc_custom_1650550183949{padding-right: -80px !important;padding-left: -80px !important;}\u00bb]<div class=\"grve-element grve-partner-advanced grve-align-center \"><img loading=\"lazy\" decoding=\"async\" width=\"1980\" height=\"1320\" src=\"https:\/\/www.koefia.com\/wp-content\/uploads\/2019\/01\/Accademia-di-Alta-Moda-Koefia.jpg\" class=\"attachment-full size-full grve-partner-logo\" alt=\"\" srcset=\"https:\/\/www.koefia.com\/wp-content\/uploads\/2019\/01\/Accademia-di-Alta-Moda-Koefia.jpg 1x,https:\/\/www.koefia.com\/wp-content\/uploads\/2019\/01\/Accademia-di-Alta-Moda-Koefia.jpg 2x\" \/>  <div class=\"grve-partner-content\">    <p class=\"grve-leader-text\">\u00bfEst\u00e1s listo para registrarte? Si eres un amante de la Alta Costura, ven a visitarnos: te convencer\u00e1s&#8230;<\/p><a class=\"grve-btn grve-btn-medium grve-round grve-bg-primary-2\" href=\"https:\/\/www.koefia.com\/es\/formulario-solicitar-informacion\/\" target=\"_blank\" style=\"\"><span>SOLICITE INFORMACI\u00d3N<\/span><\/a>  <\/div><\/div>[\/vc_column][\/vc_row]<\/p>\n<\/div>","protected":false},"excerpt":{"rendered":"<p>[vc_row header_feature=\u00bbyes\u00bb margin_bottom=\u00bb0&#8243; padding_top=\u00bb20&#8243;][vc_column css=\u00bb.vc_custom_1551807683759{margin-bottom: 3% !important;}\u00bb][vc_column_text] OFERTA DE FORMACI\u00d3N KOEFIA [\/vc_column_text][\/vc_column][\/vc_row][vc_row section_type=\u00bbfullwidth-element\u00bb middle_content=\u00bbyes\u00bb][vc_column width=\u00bb1\/6&#8243;][\/vc_column][vc_column width=\u00bb2\/3&#8243;][vc_column_text] KOEFIA Academy se ocupa de una sola cosa, \u00a1y lo hace bien! Ense\u00f1ando a los j\u00f3venes el Proceso de Producci\u00f3n de Alta Costura y Moda Industrial Para ello propone itinerarios de estudio diferenciados de tres a un a\u00f1o de [&hellip;]<\/p>\n","protected":false},"author":3,"featured_media":0,"parent":0,"menu_order":0,"comment_status":"closed","ping_status":"closed","template":"","meta":{"footnotes":""},"class_list":["post-9126","page","type-page","status-publish","hentry"],"aioseo_notices":[],"_links":{"self":[{"href":"https:\/\/www.koefia.com\/es\/wp-json\/wp\/v2\/pages\/9126","targetHints":{"allow":["GET"]}}],"collection":[{"href":"https:\/\/www.koefia.com\/es\/wp-json\/wp\/v2\/pages"}],"about":[{"href":"https:\/\/www.koefia.com\/es\/wp-json\/wp\/v2\/types\/page"}],"author":[{"embeddable":true,"href":"https:\/\/www.koefia.com\/es\/wp-json\/wp\/v2\/users\/3"}],"replies":[{"embeddable":true,"href":"https:\/\/www.koefia.com\/es\/wp-json\/wp\/v2\/comments?post=9126"}],"version-history":[{"count":0,"href":"https:\/\/www.koefia.com\/es\/wp-json\/wp\/v2\/pages\/9126\/revisions"}],"wp:attachment":[{"href":"https:\/\/www.koefia.com\/es\/wp-json\/wp\/v2\/media?parent=9126"}],"curies":[{"name":"wp","href":"https:\/\/api.w.org\/{rel}","templated":true}]}}