{"id":9242,"date":"2022-04-26T11:35:20","date_gmt":"2022-04-26T09:35:20","guid":{"rendered":"https:\/\/www.koefia.com\/formularios-de-inscripcion-eabhes\/"},"modified":"2023-05-04T19:10:17","modified_gmt":"2023-05-04T17:10:17","slug":"formularios-de-inscripcion-eabhes","status":"publish","type":"page","link":"https:\/\/www.koefia.com\/es\/formularios-de-inscripcion-eabhes\/","title":{"rendered":"Formularios de Inscripci\u00f3n EABHES"},"content":{"rendered":"<div class=\"wpb-content-wrapper\"><p>[vc_row header_feature=\u00bbyes\u00bb margin_bottom=\u00bb0&#8243; padding_top=\u00bb30&#8243;][vc_column css=\u00bb.vc_custom_1551807620205{margin-bottom: 3% !important;}\u00bb][vc_column_text]<\/p>\n<h1 style=\"text-align: center;\">ACREDITACI\u00d3N E.A.B.H.E.S.<\/h1>\n<h4 style=\"text-align: center;\"><a href=\"https:\/\/www.eabhes.eu\/\" target=\"_blank\" rel=\"noopener\">Junta Europea de Acreditaci\u00f3n de Escuelas de Educaci\u00f3n Superior<\/a><\/h4>\n<h3 style=\"text-align: center;\"><em>Calidad de la Ense\u00f1anza y la Formaci\u00f3n<\/em><\/h3>\n<p>[\/vc_column_text][\/vc_column][\/vc_row][vc_row][vc_column][vc_column_text]El Grado Europeo y el M\u00e1ster Europeo son t\u00edtulos de nivel universitario &#8211; Nivel EQF6 y EQF7 respectivamente [ver Marco Europeo de Cualificaciones (<a href=\"https:\/\/europa.eu\/europass\/system\/files\/2020-05\/EQF%20Brochure-IT.pdf\" target=\"_blank\" rel=\"noopener\">Marco Europeo de Cualificaciones<\/a>)]- accreditati da <a href=\"https:\/\/www.eabhes.eu\/\" target=\"_blank\" rel=\"noopener\">EABHES Consejo Europeo de Acreditaci\u00f3n de Escuelas de Educaci\u00f3n Superior<\/a>.<\/p>\n<p>Los 180 ECTS Triennial Europan Bachelors y los 120 ECTS European Masters son reconocidos en universidades e instituciones de educaci\u00f3n superior afiliadas, con el fin de mejorar la movilidad global de los estudiantes, tanto en t\u00e9rminos de estudios como de carreras profesionales.<br \/>\nLos Grados y M\u00e1steres Europeos representan un aut\u00e9ntico pasaporte para acceder al mundo laboral dentro de la comunidad europea.<br \/>\nAmbos niveles de estudio EQF6 y EQF7 consisten en un cierto n\u00famero de cr\u00e9ditos acumulados por los estudiantes en base a un sistema de equivalencia, incluyendo los cr\u00e9ditos adquiridos en cada escuela o instituci\u00f3n donde siguen cursos de nivel acad\u00e9mico\/universitario.<br \/>\nSe requiere que los estudiantes completen un m\u00ednimo de 180 ECTS* (cr\u00e9ditos) para la Licenciatura Europea y de 60 a 120 ECTS para el M\u00e1ster Europeo, para un total de 300 ECTS para ambos cursos. Los cr\u00e9ditos se distribuyen entre las diversas actividades acad\u00e9micas del programa de estudios y reflejan la cantidad de trabajo que cada actividad requiere del estudiante para lograr los resultados de aprendizaje establecidos en un a\u00f1o acad\u00e9mico.<\/p>\n<pre><em>* ECTS: European Credits Transfer and Accumulation System<\/em><\/pre>\n<p>[\/vc_column_text][\/vc_column][\/vc_row][vc_row flex_height=\u00bbyes\u00bb middle_content=\u00bbyes\u00bb][vc_column width=\u00bb1\/2&#8243;]<div class=\"grve-element grve-image grve-align-center\" style=\"\"><img fetchpriority=\"high\" decoding=\"async\" width=\"252\" height=\"300\" src=\"https:\/\/www.koefia.com\/wp-content\/uploads\/2021\/12\/logo-trasparente-1-252x300.png\" class=\"attachment-medium size-medium\" alt=\"\" srcset=\"https:\/\/www.koefia.com\/wp-content\/uploads\/2021\/12\/logo-trasparente-1-252x300.png 252w, https:\/\/www.koefia.com\/wp-content\/uploads\/2021\/12\/logo-trasparente-1-768x913.png 768w, https:\/\/www.koefia.com\/wp-content\/uploads\/2021\/12\/logo-trasparente-1.png 841w\" sizes=\"(max-width: 252px) 100vw, 252px\" \/><\/div>[\/vc_column][vc_column width=\u00bb1\/2&#8243;]<div class=\"grve-element grve-image grve-align-center\" style=\"\"><img decoding=\"async\" width=\"300\" height=\"296\" src=\"https:\/\/www.koefia.com\/wp-content\/uploads\/2021\/12\/EABHES-diagram-300x296.png\" class=\"attachment-medium size-medium\" alt=\"\" srcset=\"https:\/\/www.koefia.com\/wp-content\/uploads\/2021\/12\/EABHES-diagram-300x296.png 300w, https:\/\/www.koefia.com\/wp-content\/uploads\/2021\/12\/EABHES-diagram-80x80.png 80w, https:\/\/www.koefia.com\/wp-content\/uploads\/2021\/12\/EABHES-diagram.png 470w\" sizes=\"(max-width: 300px) 100vw, 300px\" \/><\/div>[\/vc_column][\/vc_row][vc_row][vc_column][vc_column_text]<\/p>\n<h5 id=\"eabhes\" tabindex=\"-1\">\u00bfQu\u00e9 es la Acreditaci\u00f3n <a href=\"https:\/\/www.eabhes.eu\/\">EABHES<\/a>?<\/h5>\n<ul>\n<li tabindex=\"-1\">La acreditaci\u00f3n <a href=\"https:\/\/www.eabhes.eu\/\">EABHES<\/a> es un sistema que implementan las escuelas para garantizar que un programa de estudios sea de alta calidad y que cumpla con los est\u00e1ndares europeos de educaci\u00f3n superior (universidad).<\/li>\n<\/ul>\n<h5 tabindex=\"-1\">\u00bfPor qu\u00e9 debo estudiar en un programa acreditado por la <a href=\"https:\/\/www.eabhes.eu\/\">EABHES<\/a>?<\/h5>\n<ul>\n<li tabindex=\"-1\">Gracias a los procesos de control de calidad y seguimiento de la acreditaci\u00f3n, tienes la seguridad de que te ense\u00f1ar\u00e1n contenidos actualizados y de alta calidad de la mano de profesores cualificados de acuerdo con las necesidades y tendencias actuales de la industria.<\/li>\n<li tabindex=\"-1\">Tambi\u00e9n tienes garantizada la mejor experiencia en la escuela porque todo el personal est\u00e1 capacitado para brindarte todos los recursos, herramientas y oportunidades que necesitar\u00e1s para tus estudios e incluso tu vida estudiantil.<\/li>\n<li tabindex=\"-1\">Los programas acreditados por <a href=\"https:\/\/www.eabhes.eu\/\">EABHES<\/a> est\u00e1n centrados en el estudiante, lo que significa que todo est\u00e1 organizado para que puedas tener la mejor experiencia de aprendizaje y maximizar tus resultados en los estudios y el trabajo.<\/li>\n<\/ul>\n<h5 tabindex=\"-1\">\u00bfC\u00f3mo me beneficia la acreditaci\u00f3n <a href=\"https:\/\/www.eabhes.eu\/\">EABHES<\/a> como estudiante?<\/h5>\n<ul>\n<li tabindex=\"-1\">La acreditaci\u00f3n <a href=\"https:\/\/www.eabhes.eu\/\">EABHES<\/a> beneficia a los estudiantes de muchas maneras. En primer lugar, tiene garantizada una educaci\u00f3n de alta calidad, que es, por supuesto, esencial.<\/li>\n<li tabindex=\"-1\">En segundo lugar, recibir\u00e1 transcripciones acad\u00e9micas oficiales y un t\u00edtulo de estudio acreditado de acuerdo con los est\u00e1ndares europeos.<\/li>\n<li tabindex=\"-1\">Estos trabajos acad\u00e9micos ser\u00e1n un excelente apoyo para tus futuras solicitudes de empleo y tus dudas para continuar tus estudios en otra instituci\u00f3n, en casa o en otro pa\u00eds. En otras palabras, la acreditaci\u00f3n mejora tu empleabilidad y tus posibilidades de continuar tus estudios.<\/li>\n<li tabindex=\"-1\">Tercero, estudiar un programa acreditado por la <a href=\"https:\/\/www.eabhes.eu\/\">EABHES<\/a> te permitir\u00e1 tener una experiencia internacional durante tus estudios. Esto, junto con nuestros requisitos de idioma ingl\u00e9s, lo convertir\u00e1 en un graduado competente y aumentar\u00e1 sus posibilidades de encontrar un trabajo.<\/li>\n<li tabindex=\"-1\">En un mundo cada vez m\u00e1s interconectado, mantener un perfil internacional en el trabajo es fundamental. Esto aumenta sus posibilidades de trabajar en las principales empresas.<\/li>\n<li tabindex=\"-1\">Finalmente, ser\u00e1s parte de la red <a href=\"https:\/\/www.eabhes.eu\/\">EABHES<\/a> Alumni, que te apoyar\u00e1 en la solicitud de reconocimiento de tu t\u00edtulo en otra escuela en caso de que quieras continuar tus estudios.<\/li>\n<\/ul>\n<p>[\/vc_column_text][\/vc_column][\/vc_row][vc_row][vc_column][vc_column_text]<\/p>\n<pre style=\"text-align: center;\"><a href=\"https:\/\/www.eabhes.eu\/\">EABHES mission is an ongoing strive for academic excellence, pedagogical innovation and support of the international dialogue for quality higher education.<\/a><\/pre>\n<p>[\/vc_column_text][\/vc_column][\/vc_row][vc_row][vc_column]<div class=\"grve-element grve-carousel-wrapper\"  style=\" \"><div class=\"grve-carousel-navigation grve-light\" data-navigation-type=\"2\">\t<div class=\"grve-carousel-buttons\">\t\t<div class=\"grve-carousel-prev grve-icon-nav-left\"><\/div>\t\t<div class=\"grve-carousel-next grve-icon-nav-right\"><\/div>\t<\/div><\/div><div class=\"grve-slider grve-carousel-element \" data-slider-speed=\"3500\" data-slider-pause=\"yes\" data-navigation-type=\"2\" data-slider-autoplay=\"yes\" data-slider-autoheight=\"yes\"><div class=\"grve-slider-item\">\t<figure class=\"grve-image-hover grve-zoom-in\">\t\t<div class=\"grve-media grve-dark-overlay grve-opacity-60\"><img decoding=\"async\" width=\"560\" height=\"315\" src=\"https:\/\/www.koefia.com\/wp-content\/uploads\/2019\/09\/AdobeStock_190379021-1-1024x428-560x315.jpg\" class=\"attachment-grve-image-small-rect-horizontal size-grve-image-small-rect-horizontal\" alt=\"\" \/>\t\t<\/div><figcaption><\/figcaption>\t<\/figure><\/div><div class=\"grve-slider-item\">\t<figure class=\"grve-image-hover grve-zoom-in\">\t\t<div class=\"grve-media grve-dark-overlay grve-opacity-60\"><img loading=\"lazy\" decoding=\"async\" width=\"560\" height=\"315\" src=\"https:\/\/www.koefia.com\/wp-content\/uploads\/2019\/09\/accreditations-conde-1024x576-560x315.jpg\" class=\"attachment-grve-image-small-rect-horizontal size-grve-image-small-rect-horizontal\" alt=\"\" srcset=\"https:\/\/www.koefia.com\/wp-content\/uploads\/2019\/09\/accreditations-conde-1024x576-560x315.jpg 560w, https:\/\/www.koefia.com\/wp-content\/uploads\/2019\/09\/accreditations-conde-1024x576-300x169.jpg 300w, https:\/\/www.koefia.com\/wp-content\/uploads\/2019\/09\/accreditations-conde-1024x576-768x432.jpg 768w, https:\/\/www.koefia.com\/wp-content\/uploads\/2019\/09\/accreditations-conde-1024x576.jpg 1024w\" sizes=\"(max-width: 560px) 100vw, 560px\" \/>\t\t<\/div><figcaption><\/figcaption>\t<\/figure><\/div>\t<\/div><\/div>[\/vc_column][\/vc_row]<\/p>\n<\/div>","protected":false},"excerpt":{"rendered":"<p>[vc_row header_feature=\u00bbyes\u00bb margin_bottom=\u00bb0&#8243; padding_top=\u00bb30&#8243;][vc_column css=\u00bb.vc_custom_1551807620205{margin-bottom: 3% !important;}\u00bb][vc_column_text] ACREDITACI\u00d3N E.A.B.H.E.S. Junta Europea de Acreditaci\u00f3n de Escuelas de Educaci\u00f3n Superior Calidad de la Ense\u00f1anza y la Formaci\u00f3n [\/vc_column_text][\/vc_column][\/vc_row][vc_row][vc_column][vc_column_text]El Grado Europeo y el M\u00e1ster Europeo son t\u00edtulos de nivel universitario &#8211; Nivel EQF6 y EQF7 respectivamente [ver Marco Europeo de Cualificaciones (Marco Europeo de Cualificaciones)]- accreditati da EABHES [&hellip;]<\/p>\n","protected":false},"author":3,"featured_media":0,"parent":0,"menu_order":0,"comment_status":"closed","ping_status":"closed","template":"","meta":{"footnotes":""},"class_list":["post-9242","page","type-page","status-publish","hentry"],"aioseo_notices":[],"_links":{"self":[{"href":"https:\/\/www.koefia.com\/es\/wp-json\/wp\/v2\/pages\/9242","targetHints":{"allow":["GET"]}}],"collection":[{"href":"https:\/\/www.koefia.com\/es\/wp-json\/wp\/v2\/pages"}],"about":[{"href":"https:\/\/www.koefia.com\/es\/wp-json\/wp\/v2\/types\/page"}],"author":[{"embeddable":true,"href":"https:\/\/www.koefia.com\/es\/wp-json\/wp\/v2\/users\/3"}],"replies":[{"embeddable":true,"href":"https:\/\/www.koefia.com\/es\/wp-json\/wp\/v2\/comments?post=9242"}],"version-history":[{"count":0,"href":"https:\/\/www.koefia.com\/es\/wp-json\/wp\/v2\/pages\/9242\/revisions"}],"wp:attachment":[{"href":"https:\/\/www.koefia.com\/es\/wp-json\/wp\/v2\/media?parent=9242"}],"curies":[{"name":"wp","href":"https:\/\/api.w.org\/{rel}","templated":true}]}}