{"id":296,"date":"2019-01-10T09:12:55","date_gmt":"2019-01-10T08:12:55","guid":{"rendered":"https:\/\/www.koefia.com\/?page_id=296"},"modified":"2024-11-07T14:07:09","modified_gmt":"2024-11-07T13:07:09","slug":"servizi-studenti-moda-stranieri","status":"publish","type":"page","link":"https:\/\/www.koefia.com\/it\/servizi-studenti-moda-stranieri\/","title":{"rendered":"SERVIZI PER STUDENTI STRANIERI"},"content":{"rendered":"<div class=\"wpb-content-wrapper\"><p>[vc_row flex_height=&#8221;yes&#8221; header_feature=&#8221;yes&#8221; padding_top=&#8221;30&#8243;][vc_column width=&#8221;1\/2&#8243;]<div class=\"grve-element grve-image grve-align-center\" style=\"\"><img fetchpriority=\"high\" decoding=\"async\" width=\"784\" height=\"1232\" src=\"https:\/\/www.koefia.com\/wp-content\/uploads\/2019\/01\/accademia-moda-koefia-studenti-stranieri.jpg\" class=\"attachment-full size-full\" alt=\"Corsi di Alta Moda Accademia Koefia Roma\" srcset=\"https:\/\/www.koefia.com\/wp-content\/uploads\/2019\/01\/accademia-moda-koefia-studenti-stranieri.jpg 1x,https:\/\/www.koefia.com\/wp-content\/uploads\/2019\/01\/accademia-moda-koefia-studenti-stranieri.jpg 2x\" \/><\/div>[\/vc_column][vc_column width=&#8221;1\/2&#8243;][vc_column_text]<\/p>\n<h1 style=\"text-align: left;\">SERVIZI PER STUDENTI STRANIERI<\/h1>\n<p>[\/vc_column_text][vc_column_text css=&#8221;.vc_custom_1730985128251{margin-bottom: 0px !important;}&#8221;]L\u2019<strong>Accademia Koefia \u00e8 associata a EDUITALIA<\/strong>, un&#8217;associazione italiana di Scuole, Accademie e Universit\u00e0 qualificate che offre corsi a studenti stranieri. Eduitalia promuove e valorizza la miriade di corsi disponibili nelle scuole, accademie e universit\u00e0 nelle citt\u00e0 e regioni pi\u00f9 affascinanti e belle d&#8217;Italia.<\/p>\n<p>Eduitalia \u00e8 di riferimento in Italia per gli studenti stranieri che studiano nelle scuole associate.[\/vc_column_text]<div class=\"grve-element grve-list grve-list-plus-square \" style=\"\"><ul>\n<li>Promuovere un\u2019immagine unitaria, forte e organizzata del sistema\u00a0Study\u00a0Abroad\u00a0italiano.<\/li>\n<li>Rafforzare, migliorare e garantire la promozione all\u2019estero dell\u2019offerta formativa italiana per favorire l\u2019incoming\u00a0studentesco degli istituti associati.<\/li>\n<li>Sensibilizzare le istituzioni riguardo il sistema dello \u201cStudy\u00a0Abroad\u201d allo scopo di favorire gli ingressi per motivi di studio.<\/li>\n<li>Fornire informazioni aggiornate e di qualit\u00e0 agli associati riguardo il mercato dello \u201cStudy\u00a0Abroad\u201d.<\/li>\n<li>Diffondere il modello culturale, sociale ed economico italiano.<\/li>\n<\/ul>\n<\/div>[vc_column_text]<img decoding=\"async\" class=\"alignnone size-full wp-image-313\" src=\"https:\/\/www.koefia.com\/wp-content\/uploads\/2019\/01\/LOGO-EDU-international.png\" alt=\"EDUITALIA INTERNATIONAL\" width=\"250\" height=\"55\" \/>[\/vc_column_text]<div class=\"grve-element grve-align-left\"><a class=\"grve-btn grve-btn-extrasmall grve-square grve-black-color\" href=\"https:\/\/www.koefia.com\/richiedi-informazioni\/\" target=\"_self\" style=\"\"><span>RICHIEDI INFORMAZIONI<\/span><\/a><\/div>[vc_row_inner][vc_column_inner width=&#8221;1\/3&#8243;]<div class=\"grve-element grve-align-left\"><a class=\"grve-btn grve-btn-extrasmall grve-square grve-bg-primary-1 grve-btn-line\" href=\"https:\/\/www.koefia.com\/alloggio-scuola-di-moda-roma\/\" target=\"_self\" style=\"\"><span>ALLOGGIO HOUSING<\/span><\/a><\/div>[\/vc_column_inner][vc_column_inner width=&#8221;1\/3&#8243;]<div class=\"grve-element grve-align-left\"><a class=\"grve-btn grve-btn-extrasmall grve-square grve-bg-primary-1 grve-btn-line\" href=\"https:\/\/www.koefia.com\/servizi-linguistici-scuola-di-moda\/\" target=\"_self\" style=\"\"><span>SERVIZI LINGUISTICI<\/span><\/a><\/div>[\/vc_column_inner][vc_column_inner width=&#8221;1\/3&#8243;]<div class=\"grve-element grve-align-left\"><a class=\"grve-btn grve-btn-extrasmall grve-square grve-bg-primary-1 grve-btn-line\" href=\"https:\/\/www.koefia.com\/scuola-moda-isic-card-studente\/\" target=\"_self\" style=\"\"><span>ISIC CARD STUDENTE<\/span><\/a><\/div>[\/vc_column_inner][\/vc_row_inner][\/vc_column][\/vc_row]<\/p>\n<\/div>","protected":false},"excerpt":{"rendered":"<p>[vc_row flex_height=&#8221;yes&#8221; header_feature=&#8221;yes&#8221; padding_top=&#8221;30&#8243;][vc_column width=&#8221;1\/2&#8243;][\/vc_column][vc_column width=&#8221;1\/2&#8243;][vc_column_text] SERVIZI PER STUDENTI STRANIERI [\/vc_column_text][vc_column_text css=&#8221;.vc_custom_1730985128251{margin-bottom: 0px !important;}&#8221;]L\u2019Accademia Koefia \u00e8 associata a EDUITALIA, un&#8217;associazione italiana di Scuole, Accademie e Universit\u00e0 qualificate che offre corsi a studenti stranieri. Eduitalia promuove e valorizza la miriade di corsi disponibili nelle scuole, accademie e universit\u00e0 nelle citt\u00e0 e regioni pi\u00f9 affascinanti e belle [&hellip;]<\/p>\n","protected":false},"author":3,"featured_media":0,"parent":0,"menu_order":0,"comment_status":"closed","ping_status":"closed","template":"","meta":{"footnotes":""},"class_list":["post-296","page","type-page","status-publish","hentry"],"aioseo_notices":[],"_links":{"self":[{"href":"https:\/\/www.koefia.com\/it\/wp-json\/wp\/v2\/pages\/296","targetHints":{"allow":["GET"]}}],"collection":[{"href":"https:\/\/www.koefia.com\/it\/wp-json\/wp\/v2\/pages"}],"about":[{"href":"https:\/\/www.koefia.com\/it\/wp-json\/wp\/v2\/types\/page"}],"author":[{"embeddable":true,"href":"https:\/\/www.koefia.com\/it\/wp-json\/wp\/v2\/users\/3"}],"replies":[{"embeddable":true,"href":"https:\/\/www.koefia.com\/it\/wp-json\/wp\/v2\/comments?post=296"}],"version-history":[{"count":0,"href":"https:\/\/www.koefia.com\/it\/wp-json\/wp\/v2\/pages\/296\/revisions"}],"wp:attachment":[{"href":"https:\/\/www.koefia.com\/it\/wp-json\/wp\/v2\/media?parent=296"}],"curies":[{"name":"wp","href":"https:\/\/api.w.org\/{rel}","templated":true}]}}