{"id":3094,"date":"2019-09-25T11:42:55","date_gmt":"2019-09-25T09:42:55","guid":{"rendered":"https:\/\/www.koefia.com\/?page_id=3094"},"modified":"2022-05-30T12:50:24","modified_gmt":"2022-05-30T10:50:24","slug":"accreditamento-eabhes","status":"publish","type":"page","link":"https:\/\/www.koefia.com\/it\/accreditamento-eabhes\/","title":{"rendered":"Moduli Iscrizione EABHES"},"content":{"rendered":"<div class=\"wpb-content-wrapper\"><p>[vc_row header_feature=&#8221;yes&#8221; margin_bottom=&#8221;0&#8243; padding_top=&#8221;30&#8243;][vc_column css=&#8221;.vc_custom_1551807620205{margin-bottom: 3% !important;}&#8221;][vc_column_text]<\/p>\n<h1 style=\"text-align: center;\">ACCREDITAMENTO E.A.B.H.E.S.<\/h1>\n<h4 style=\"text-align: center;\"><a href=\"https:\/\/www.eabhes.eu\/\" target=\"_blank\" rel=\"noopener\">European Accreditation Board of Higher Education Schools<\/a><\/h4>\n<h3 style=\"text-align: center;\"><em>Qualit\u00e0 della Didattica e della Formazione<\/em><\/h3>\n<p>[\/vc_column_text][\/vc_column][\/vc_row][vc_row][vc_column][vc_column_text]Lo European Bachelor e lo European Master sono entrambi diplomi di livello universitario &#8211; rispettivamente di Livello EQF6 ed EQF7 [vedi European Qualification Framework (<a href=\"https:\/\/europa.eu\/europass\/system\/files\/2020-05\/EQF%20Brochure-IT.pdf\" target=\"_blank\" rel=\"noopener\">Quadro Europeo delle Qualifiche<\/a>)]-\u00a0 \u00a0accreditati da <a href=\"https:\/\/www.eabhes.eu\/\" target=\"_blank\" rel=\"noopener\">EABHES European Accreditation Board of Higher Education Schools<\/a>.<\/p>\n<p>Gli Euroepan Bachelor Triennali 180 ECTS e gli European Master 120 ECTS sono riconosciuti nelle universit\u00e0 e negli istituti di istruzione superiore affiliati, al fine di migliorare la mobilit\u00e0 globale degli studenti, sia in termini di studi che di carriera professionale.<br \/>\nGli European Bachelor e Master rappresentano un vero e proprio passaporto per entrare nel mondo del lavoro all&#8217;interno della comunit\u00e0 europea.<br \/>\nEntrambi i livelli di studio EQF6 ed EQF7 consistono in un certo numero di crediti accumulati dagli studenti sulla base di un sistema di equivalenza, comprensivi dei crediti acquisiti in ogni scuola o istituto dove seguono corsi di livello accademico\/universitario.<br \/>\nGli studenti sono tenuti a completare un minimo di 180 ECTS* (crediti) per lo European Bachelor e da 60 a 120 ECTS per lo European Master , per un totale di 300 ECTS per entrambi i corsi. I crediti sono distribuiti tra le varie attivit\u00e0 accademiche del programma di studio e riflettono la quantit\u00e0 di lavoro che ciascuna attivit\u00e0 richiede allo studente per raggiungere i risultati di apprendimento fissati nell&#8217;ambito di un anno accademico.<\/p>\n<pre><em>* ECTS: European Credits Transfer and Accumulation System<\/em><\/pre>\n<p>[\/vc_column_text][\/vc_column][\/vc_row][vc_row flex_height=&#8221;yes&#8221; middle_content=&#8221;yes&#8221;][vc_column width=&#8221;1\/2&#8243;]<div class=\"grve-element grve-image grve-align-center\" style=\"\"><img fetchpriority=\"high\" decoding=\"async\" width=\"252\" height=\"300\" src=\"https:\/\/www.koefia.com\/wp-content\/uploads\/2021\/12\/logo-trasparente-1-252x300.png\" class=\"attachment-medium size-medium\" alt=\"\" srcset=\"https:\/\/www.koefia.com\/wp-content\/uploads\/2021\/12\/logo-trasparente-1-252x300.png 252w, https:\/\/www.koefia.com\/wp-content\/uploads\/2021\/12\/logo-trasparente-1-768x913.png 768w, https:\/\/www.koefia.com\/wp-content\/uploads\/2021\/12\/logo-trasparente-1.png 841w\" sizes=\"(max-width: 252px) 100vw, 252px\" \/><\/div>[\/vc_column][vc_column width=&#8221;1\/2&#8243;]<div class=\"grve-element grve-image grve-align-center\" style=\"\"><img decoding=\"async\" width=\"300\" height=\"296\" src=\"https:\/\/www.koefia.com\/wp-content\/uploads\/2021\/12\/EABHES-diagram-300x296.png\" class=\"attachment-medium size-medium\" alt=\"\" srcset=\"https:\/\/www.koefia.com\/wp-content\/uploads\/2021\/12\/EABHES-diagram-300x296.png 300w, https:\/\/www.koefia.com\/wp-content\/uploads\/2021\/12\/EABHES-diagram-80x80.png 80w, https:\/\/www.koefia.com\/wp-content\/uploads\/2021\/12\/EABHES-diagram.png 470w\" sizes=\"(max-width: 300px) 100vw, 300px\" \/><\/div>[\/vc_column][\/vc_row][vc_row][vc_column][vc_column_text]<\/p>\n<h5 id=\"eabhes\" tabindex=\"-1\">Cos&#8217;\u00e8 l&#8217;<a href=\"https:\/\/www.eabhes.eu\/\">Accreditamento EABHES<\/a>?<\/h5>\n<ul>\n<li tabindex=\"-1\">L&#8217;accreditamento <a href=\"https:\/\/www.eabhes.eu\/\">EABHES<\/a> \u00e8 un sistema che le scuole implementano per garantire che un programma di studio sia di alta qualit\u00e0 e che sia conforme agli standard europei di istruzione superiore (Universit\u00e0).<\/li>\n<\/ul>\n<h5 tabindex=\"-1\">Perch\u00e9 dovrei studiare in un programma accreditato <a href=\"https:\/\/www.eabhes.eu\/\">EABHES<\/a>?<\/h5>\n<ul>\n<li tabindex=\"-1\">Grazie ai processi di controllo qualit\u00e0 e monitoraggio dell&#8217;accreditamento, hai la garanzia che ti verranno insegnati contenuti aggiornati di alta qualit\u00e0 da insegnanti qualificati in conformit\u00e0 con le attuali esigenze e tendenze del settore.<\/li>\n<li tabindex=\"-1\">Ti viene inoltre garantita la migliore esperienza a scuola perch\u00e9 tutto il personale \u00e8 formato per fornirti tutte le risorse, gli strumenti e le opportunit\u00e0 di cui avrai bisogno per i tuoi studi e anche per la tua vita da studente.<\/li>\n<li tabindex=\"-1\">I programmi accreditati <a href=\"https:\/\/www.eabhes.eu\/\">EABHES<\/a> sono centrati sullo studente, il che significa che tutto \u00e8 organizzato in modo che tu possa avere la migliore esperienza di apprendimento e massimizzare i tuoi risultati negli studi e nel lavoro.<\/li>\n<\/ul>\n<h5 tabindex=\"-1\">In che modo l&#8217;accreditamento <a href=\"https:\/\/www.eabhes.eu\/\">EABHES<\/a> mi avvantaggia come studente?<\/h5>\n<ul>\n<li tabindex=\"-1\">L&#8217;accreditamento <a href=\"https:\/\/www.eabhes.eu\/\">EABHES<\/a> avvantaggia gli studenti in molti modi. Prima di tutto, ti viene garantita un&#8217;istruzione di alta qualit\u00e0, che \u00e8, ovviamente, essenziale.<\/li>\n<li tabindex=\"-1\">In secondo luogo, riceverai trascrizioni accademiche ufficiali e un diploma di studi accreditati in conformit\u00e0 con gli standard europei.<\/li>\n<li tabindex=\"-1\">Questi documenti accademici saranno un ottimo supporto per le tue future domande di lavoro e le tue domande per continuare i tuoi studi in un&#8217;altra istituzione, a casa o in un altro paese. In altre parole, l&#8217;accreditamento migliora la tua occupabilit\u00e0 e le possibilit\u00e0 di continuare i tuoi studi.<\/li>\n<li tabindex=\"-1\">In terzo luogo, studiare un programma accreditato <a href=\"https:\/\/www.eabhes.eu\/\">EABHES<\/a> ti consentir\u00e0 di avere un&#8217;esperienza internazionale durante i tuoi studi. Questo, insieme ai nostri requisiti di lingua inglese, ti render\u00e0 un laureato competente e aumenter\u00e0 le tue possibilit\u00e0 di trovare un lavoro.<\/li>\n<li tabindex=\"-1\">In un mondo sempre pi\u00f9 interconnesso, nel lavoro avere un profilo internazionale. Amentano cos\u00ec le tue possibilit\u00e0 di lavorare in aziende importanti.<\/li>\n<li tabindex=\"-1\">Infine, farai parte della rete <a href=\"https:\/\/www.eabhes.eu\/\">EABHES<\/a> Alumni, che ti supporter\u00e0 nella richiesta di riconoscimento del tuo diploma in un&#8217;altra scuola nel caso tu voglia proseguire gli studi.<\/li>\n<\/ul>\n<p>[\/vc_column_text][\/vc_column][\/vc_row][vc_row][vc_column][vc_column_text]<\/p>\n<pre style=\"text-align: center;\"><a href=\"https:\/\/www.eabhes.eu\/\">EABHES\u00a0mission\u00a0is an ongoing strive for academic excellence, pedagogical innovation and support of the international dialogue for quality higher education.<\/a><\/pre>\n<p>[\/vc_column_text][\/vc_column][\/vc_row][vc_row][vc_column]<div class=\"grve-element grve-carousel-wrapper\"  style=\" \"><div class=\"grve-carousel-navigation grve-light\" data-navigation-type=\"2\">\t<div class=\"grve-carousel-buttons\">\t\t<div class=\"grve-carousel-prev grve-icon-nav-left\"><\/div>\t\t<div class=\"grve-carousel-next grve-icon-nav-right\"><\/div>\t<\/div><\/div><div class=\"grve-slider grve-carousel-element \" data-slider-speed=\"3500\" data-slider-pause=\"yes\" data-navigation-type=\"2\" data-slider-autoplay=\"yes\" data-slider-autoheight=\"yes\"><div class=\"grve-slider-item\">\t<figure class=\"grve-image-hover grve-zoom-in\">\t\t<div class=\"grve-media grve-dark-overlay grve-opacity-60\"><img decoding=\"async\" width=\"560\" height=\"315\" src=\"https:\/\/www.koefia.com\/wp-content\/uploads\/2019\/09\/AdobeStock_190379021-1-1024x428-560x315.jpg\" class=\"attachment-grve-image-small-rect-horizontal size-grve-image-small-rect-horizontal\" alt=\"\" \/>\t\t<\/div><figcaption><\/figcaption>\t<\/figure><\/div><div class=\"grve-slider-item\">\t<figure class=\"grve-image-hover grve-zoom-in\">\t\t<div class=\"grve-media grve-dark-overlay grve-opacity-60\"><img loading=\"lazy\" decoding=\"async\" width=\"560\" height=\"315\" src=\"https:\/\/www.koefia.com\/wp-content\/uploads\/2019\/09\/accreditations-conde-1024x576-560x315.jpg\" class=\"attachment-grve-image-small-rect-horizontal size-grve-image-small-rect-horizontal\" alt=\"\" srcset=\"https:\/\/www.koefia.com\/wp-content\/uploads\/2019\/09\/accreditations-conde-1024x576-560x315.jpg 560w, https:\/\/www.koefia.com\/wp-content\/uploads\/2019\/09\/accreditations-conde-1024x576-300x169.jpg 300w, https:\/\/www.koefia.com\/wp-content\/uploads\/2019\/09\/accreditations-conde-1024x576-768x432.jpg 768w, https:\/\/www.koefia.com\/wp-content\/uploads\/2019\/09\/accreditations-conde-1024x576.jpg 1024w\" sizes=\"(max-width: 560px) 100vw, 560px\" \/>\t\t<\/div><figcaption><\/figcaption>\t<\/figure><\/div>\t<\/div><\/div>[\/vc_column][\/vc_row]<\/p>\n<\/div>","protected":false},"excerpt":{"rendered":"<p>[vc_row header_feature=&#8221;yes&#8221; margin_bottom=&#8221;0&#8243; padding_top=&#8221;30&#8243;][vc_column css=&#8221;.vc_custom_1551807620205{margin-bottom: 3% !important;}&#8221;][vc_column_text] ACCREDITAMENTO E.A.B.H.E.S. European Accreditation Board of Higher Education Schools Qualit\u00e0 della Didattica e della Formazione [\/vc_column_text][\/vc_column][\/vc_row][vc_row][vc_column][vc_column_text]Lo European Bachelor e lo European Master sono entrambi diplomi di livello universitario &#8211; rispettivamente di Livello EQF6 ed EQF7 [vedi European Qualification Framework (Quadro Europeo delle Qualifiche)]-\u00a0 \u00a0accreditati da EABHES European Accreditation [&hellip;]<\/p>\n","protected":false},"author":3,"featured_media":0,"parent":0,"menu_order":0,"comment_status":"closed","ping_status":"closed","template":"","meta":{"footnotes":""},"class_list":["post-3094","page","type-page","status-publish","hentry"],"aioseo_notices":[],"_links":{"self":[{"href":"https:\/\/www.koefia.com\/it\/wp-json\/wp\/v2\/pages\/3094","targetHints":{"allow":["GET"]}}],"collection":[{"href":"https:\/\/www.koefia.com\/it\/wp-json\/wp\/v2\/pages"}],"about":[{"href":"https:\/\/www.koefia.com\/it\/wp-json\/wp\/v2\/types\/page"}],"author":[{"embeddable":true,"href":"https:\/\/www.koefia.com\/it\/wp-json\/wp\/v2\/users\/3"}],"replies":[{"embeddable":true,"href":"https:\/\/www.koefia.com\/it\/wp-json\/wp\/v2\/comments?post=3094"}],"version-history":[{"count":0,"href":"https:\/\/www.koefia.com\/it\/wp-json\/wp\/v2\/pages\/3094\/revisions"}],"wp:attachment":[{"href":"https:\/\/www.koefia.com\/it\/wp-json\/wp\/v2\/media?parent=3094"}],"curies":[{"name":"wp","href":"https:\/\/api.w.org\/{rel}","templated":true}]}}